{"id":6507,"date":"2021-12-07T16:02:40","date_gmt":"2021-12-07T05:02:40","guid":{"rendered":"https:\/\/fleximortgage.com.au\/?page_id=6507"},"modified":"2021-12-15T17:48:52","modified_gmt":"2021-12-15T06:48:52","slug":"vay-mua-nha-danh-cho-visa-tam-tru","status":"publish","type":"page","link":"https:\/\/fleximortgage.com.au\/en\/vay-mua-nha-danh-cho-visa-tam-tru\/","title":{"rendered":"Vay mua nh\u00e0 d\u00e0nh cho visa t\u1ea1m tr\u00fa"},"content":{"rendered":"<div data-elementor-type=\"wp-page\" data-elementor-id=\"6507\" class=\"elementor elementor-6507\" data-elementor-post-type=\"page\">\n\t\t\t\t\t\t<section class=\"elementor-section elementor-top-section elementor-element elementor-element-79c301a3 elementor-section-boxed elementor-section-height-default elementor-section-height-default\" data-id=\"79c301a3\" data-element_type=\"section\" data-settings=\"{&quot;background_background&quot;:&quot;classic&quot;}\">\n\t\t\t\t\t\t<div class=\"elementor-container elementor-column-gap-default\">\n\t\t\t\t\t<div class=\"elementor-column elementor-col-50 elementor-top-column elementor-element elementor-element-45a45df1\" data-id=\"45a45df1\" data-element_type=\"column\" data-settings=\"{&quot;animation&quot;:&quot;none&quot;}\">\n\t\t\t<div class=\"elementor-widget-wrap elementor-element-populated\">\n\t\t\t\t\t\t<div class=\"elementor-element elementor-element-8a375af animated-slow elementor-widget elementor-widget-heading\" data-id=\"8a375af\" data-element_type=\"widget\" data-settings=\"{&quot;_animation&quot;:&quot;none&quot;}\" data-widget_type=\"heading.default\">\n\t\t\t\t<div class=\"elementor-widget-container\">\n\t\t\t<h1 class=\"elementor-heading-title elementor-size-default\">Li\u00ean h\u1ec7 Flexi Mortgage \u0111\u1ec3 \u0111\u01b0\u1ee3c t\u01b0 v\u1ea5n &amp; h\u1ed7 tr\u1ee3 mi\u1ec5n ph\u00ed<\/h1>\t\t<\/div>\n\t\t\t\t<\/div>\n\t\t\t\t<div class=\"elementor-element elementor-element-7171262f animated-slow elementor-widget elementor-widget-heading\" data-id=\"7171262f\" data-element_type=\"widget\" data-settings=\"{&quot;_animation&quot;:&quot;none&quot;}\" data-widget_type=\"heading.default\">\n\t\t\t\t<div class=\"elementor-widget-container\">\n\t\t\t<h3 class=\"elementor-heading-title elementor-size-default\">V\u0102N PH\u00d2NG<\/h3>\t\t<\/div>\n\t\t\t\t<\/div>\n\t\t\t\t<div class=\"elementor-element elementor-element-4b4db540 elementor-widget elementor-widget-text-editor\" data-id=\"4b4db540\" data-element_type=\"widget\" data-settings=\"{&quot;_animation&quot;:&quot;none&quot;}\" data-widget_type=\"text-editor.default\">\n\t\t\t\t<div class=\"elementor-widget-container\">\n\t\t\t\t\t\t\t<div class=\"elementor-element elementor-element-0f337c8 elementor-widget elementor-widget-text-editor\" data-id=\"0f337c8\" data-element_type=\"text-editor.default\"><div class=\"elementor-widget-container\"><div class=\"elementor-text-editor elementor-clearfix\"><p>Liberty Plaza &#8211; Level 1,28\/256 Chapel Rd South Bankstown 2200<\/p><\/div><\/div><\/div>\t\t\t\t\t\t<\/div>\n\t\t\t\t<\/div>\n\t\t\t\t<div class=\"elementor-element elementor-element-11a6417b animated-slow elementor-widget elementor-widget-heading\" data-id=\"11a6417b\" data-element_type=\"widget\" data-settings=\"{&quot;_animation&quot;:&quot;none&quot;}\" data-widget_type=\"heading.default\">\n\t\t\t\t<div class=\"elementor-widget-container\">\n\t\t\t<h3 class=\"elementor-heading-title elementor-size-default\">HOTLINE<\/h3>\t\t<\/div>\n\t\t\t\t<\/div>\n\t\t\t\t<div class=\"elementor-element elementor-element-389358c7 elementor-widget elementor-widget-text-editor\" data-id=\"389358c7\" data-element_type=\"widget\" data-settings=\"{&quot;_animation&quot;:&quot;none&quot;}\" data-widget_type=\"text-editor.default\">\n\t\t\t\t<div class=\"elementor-widget-container\">\n\t\t\t\t\t\t\t<div class=\"elementor-element elementor-element-0f337c8 elementor-widget elementor-widget-text-editor\" data-id=\"0f337c8\" data-element_type=\"text-editor.default\"><div class=\"elementor-widget-container\"><div class=\"elementor-text-editor elementor-clearfix\"><p><a href=\"tel:0287731451\">02 8773 1451<\/a><\/p><\/div><\/div><\/div>\t\t\t\t\t\t<\/div>\n\t\t\t\t<\/div>\n\t\t\t\t<div class=\"elementor-element elementor-element-3f9aca9e animated-slow elementor-widget elementor-widget-heading\" data-id=\"3f9aca9e\" data-element_type=\"widget\" data-settings=\"{&quot;_animation&quot;:&quot;none&quot;}\" data-widget_type=\"heading.default\">\n\t\t\t\t<div class=\"elementor-widget-container\">\n\t\t\t<h3 class=\"elementor-heading-title elementor-size-default\">EMAIL<\/h3>\t\t<\/div>\n\t\t\t\t<\/div>\n\t\t\t\t<div class=\"elementor-element elementor-element-5a903123 elementor-widget elementor-widget-text-editor\" data-id=\"5a903123\" data-element_type=\"widget\" data-settings=\"{&quot;_animation&quot;:&quot;none&quot;}\" data-widget_type=\"text-editor.default\">\n\t\t\t\t<div class=\"elementor-widget-container\">\n\t\t\t\t\t\t\t<div class=\"elementor-element elementor-element-0f337c8 elementor-widget elementor-widget-text-editor\" data-id=\"0f337c8\" data-element_type=\"text-editor.default\"><div class=\"elementor-widget-container\"><div class=\"elementor-text-editor elementor-clearfix\"><p><a href=\"mailto:mortgage@flexigroupholdings.com.au\">mortgage@flexigroupholdings.com.au<\/a><\/p><\/div><\/div><\/div>\t\t\t\t\t\t<\/div>\n\t\t\t\t<\/div>\n\t\t\t\t\t<\/div>\n\t\t<\/div>\n\t\t\t\t<div class=\"elementor-column elementor-col-50 elementor-top-column elementor-element elementor-element-2706f10d\" data-id=\"2706f10d\" data-element_type=\"column\" data-settings=\"{&quot;background_background&quot;:&quot;classic&quot;}\">\n\t\t\t<div class=\"elementor-widget-wrap elementor-element-populated\">\n\t\t\t\t\t\t<div class=\"elementor-element elementor-element-b3339cd elementor-widget elementor-widget-heading\" data-id=\"b3339cd\" data-element_type=\"widget\" data-widget_type=\"heading.default\">\n\t\t\t\t<div class=\"elementor-widget-container\">\n\t\t\t<h2 class=\"elementor-heading-title elementor-size-default\">NH\u1eacN MI\u1ec4N PH\u00cd T\u00c0I LI\u1ec6U TH\u00d4NG TIN VISA T\u1ea0M TR\u00da <\/h2>\t\t<\/div>\n\t\t\t\t<\/div>\n\t\t\t\t<div class=\"elementor-element elementor-element-739d8d8 elementor-button-align-stretch elementor-widget elementor-widget-form\" data-id=\"739d8d8\" data-element_type=\"widget\" data-settings=\"{&quot;step_next_label&quot;:&quot;Next&quot;,&quot;step_previous_label&quot;:&quot;Previous&quot;,&quot;button_width&quot;:&quot;100&quot;,&quot;step_type&quot;:&quot;number_text&quot;,&quot;step_icon_shape&quot;:&quot;circle&quot;}\" data-widget_type=\"form.default\">\n\t\t\t\t<div class=\"elementor-widget-container\">\n\t\t\t\t\t<form class=\"elementor-form\" method=\"post\" name=\"T\u00e0i li\u1ec7u Visa t\u1ea1m tr\u00fa \">\n\t\t\t<input type=\"hidden\" name=\"post_id\" value=\"6507\"\/>\n\t\t\t<input type=\"hidden\" name=\"form_id\" value=\"739d8d8\"\/>\n\t\t\t<input type=\"hidden\" name=\"referer_title\" value=\"Flexi Mortgage\" \/>\n\n\t\t\t\n\t\t\t<div class=\"elementor-form-fields-wrapper elementor-labels-above\">\n\t\t\t\t\t\t\t\t<div class=\"elementor-field-type-text elementor-field-group elementor-column elementor-field-group-name elementor-col-100 elementor-field-required elementor-mark-required\">\n\t\t\t\t\t\t\t\t\t\t\t\t<label for=\"form-field-name\" class=\"elementor-field-label\">\n\t\t\t\t\t\t\t\tName\t\t\t\t\t\t\t<\/label>\n\t\t\t\t\t\t\t\t\t\t\t\t\t\t<input size=\"1\" type=\"text\" name=\"form_fields[name]\" id=\"form-field-name\" class=\"elementor-field elementor-size-sm  elementor-field-textual\" placeholder=\"Your name\" required=\"required\" aria-required=\"true\">\n\t\t\t\t\t\t\t\t\t\t\t<\/div>\n\t\t\t\t\t\t\t\t<div class=\"elementor-field-type-email elementor-field-group elementor-column elementor-field-group-email elementor-col-100 elementor-field-required elementor-mark-required\">\n\t\t\t\t\t\t\t\t\t\t\t\t<label for=\"form-field-email\" class=\"elementor-field-label\">\n\t\t\t\t\t\t\t\tEmail\t\t\t\t\t\t\t<\/label>\n\t\t\t\t\t\t\t\t\t\t\t\t\t\t<input size=\"1\" type=\"email\" name=\"form_fields[email]\" id=\"form-field-email\" class=\"elementor-field elementor-size-sm  elementor-field-textual\" placeholder=\"Email\" required=\"required\" aria-required=\"true\">\n\t\t\t\t\t\t\t\t\t\t\t<\/div>\n\t\t\t\t\t\t\t\t<div class=\"elementor-field-type-tel elementor-field-group elementor-column elementor-field-group-field_28eeb18 elementor-col-100 elementor-field-required elementor-mark-required\">\n\t\t\t\t\t\t\t\t\t\t\t\t<label for=\"form-field-field_28eeb18\" class=\"elementor-field-label\">\n\t\t\t\t\t\t\t\tPhone\t\t\t\t\t\t\t<\/label>\n\t\t\t\t\t\t\t\t<input size=\"1\" type=\"tel\" name=\"form_fields[field_28eeb18]\" id=\"form-field-field_28eeb18\" class=\"elementor-field elementor-size-sm  elementor-field-textual\" placeholder=\"S\u1ed1 \u0111i\u1ec7n tho\u1ea1i qu\u00fd v\u1ecb\" required=\"required\" aria-required=\"true\" pattern=\"[0-9()#&amp;+*-=.]+\" title=\"Only numbers and phone characters (#, -, *, etc) are accepted.\">\n\n\t\t\t\t\t\t<\/div>\n\t\t\t\t\t\t\t\t<div class=\"elementor-field-group elementor-column elementor-field-type-submit elementor-col-100 e-form__buttons\">\n\t\t\t\t\t<button class=\"elementor-button elementor-size-sm elementor-animation-pulse\" type=\"submit\">\n\t\t\t\t\t\t<span class=\"elementor-button-content-wrapper\">\n\t\t\t\t\t\t\t\t\t\t\t\t\t\t\t\t\t\t\t\t\t\t<span class=\"elementor-button-text\">FREE DOWNLOAD<\/span>\n\t\t\t\t\t\t\t\t\t\t\t\t\t<\/span>\n\t\t\t\t\t<\/button>\n\t\t\t\t<\/div>\n\t\t\t<\/div>\n\t\t<input type=\"hidden\" name=\"trp-form-language\" value=\"en\"\/><\/form>\n\t\t\t\t<\/div>\n\t\t\t\t<\/div>\n\t\t\t\t<div class=\"elementor-element elementor-element-2a627044 elementor-invisible elementor-widget elementor-widget-text-editor\" data-id=\"2a627044\" data-element_type=\"widget\" data-settings=\"{&quot;_animation&quot;:&quot;fadeIn&quot;}\" data-widget_type=\"text-editor.default\">\n\t\t\t\t<div class=\"elementor-widget-container\">\n\t\t\t\t\t\t\t<p>* Th\u00f4ng tin c\u1ee7a Qu\u00fd v\u1ecb cam k\u1ebft \u0111\u01b0\u1ee3c b\u1ea3o m\u1eadt 100% &amp; kh\u00f4ng l\u1ea1m d\u1ee5ng th\u00f4ng tin c\u00e1 nh\u00e2n \u0111\u1ec3 spam kh\u00e1ch h\u00e0ng!\u00a0<a href=\"https:\/\/fleximortgage.com.au\/en\/bao-mat-dieu-khoan\/\">Privacy Policy<\/a>.<\/p>\t\t\t\t\t\t<\/div>\n\t\t\t\t<\/div>\n\t\t\t\t\t<\/div>\n\t\t<\/div>\n\t\t\t\t\t<\/div>\n\t\t<\/section>\n\t\t\t\t<\/div>","protected":false},"excerpt":{"rendered":"<p>Li\u00ean h\u1ec7 Flexi Mortgage \u0111\u1ec3 \u0111\u01b0\u1ee3c t\u01b0 v\u1ea5n &#038; h\u1ed7 tr\u1ee3 mi\u1ec5n ph\u00ed V\u0102N PH\u00d2NG Liberty Plaza &#8211; Level 1,28\/256 Chapel Rd South Bankstown 2200 HOTLINE 02 8773 1451 EMAIL &#8230;<\/p>","protected":false},"author":1,"featured_media":0,"parent":0,"menu_order":0,"comment_status":"closed","ping_status":"closed","template":"elementor_canvas","meta":{"footnotes":""},"class_list":["post-6507","page","type-page","status-publish","hentry"],"yoast_head":"<!-- This site is optimized with the Yoast SEO plugin v23.6 - https:\/\/yoast.com\/wordpress\/plugins\/seo\/ -->\n<title>Vay mua nh\u00e0 d\u00e0nh cho visa t\u1ea1m tr\u00fa - Flexi Mortgage<\/title>\n<meta name=\"description\" content=\"Vay mua nh\u00e0 d\u00e0nh cho visa t\u1ea1m tr\u00fa\" \/>\n<meta name=\"robots\" content=\"index, follow, max-snippet:-1, max-image-preview:large, max-video-preview:-1\" \/>\n<link rel=\"canonical\" href=\"https:\/\/fleximortgage.com.au\/en\/vay-mua-nha-danh-cho-visa-tam-tru\/\" \/>\n<meta property=\"og:locale\" content=\"en_US\" \/>\n<meta property=\"og:type\" content=\"article\" \/>\n<meta property=\"og:title\" content=\"Vay mua nh\u00e0 d\u00e0nh cho visa t\u1ea1m tr\u00fa - Flexi Mortgage\" \/>\n<meta property=\"og:description\" content=\"Vay mua nh\u00e0 d\u00e0nh cho visa t\u1ea1m tr\u00fa\" \/>\n<meta property=\"og:url\" content=\"https:\/\/fleximortgage.com.au\/en\/vay-mua-nha-danh-cho-visa-tam-tru\/\" \/>\n<meta property=\"og:site_name\" content=\"Flexi Mortgage\" \/>\n<meta property=\"article:publisher\" content=\"https:\/\/www.facebook.com\/FlexiMortgage\" \/>\n<meta property=\"article:modified_time\" content=\"2021-12-15T06:48:52+00:00\" \/>\n<meta property=\"og:image\" content=\"https:\/\/fleximortgage.com.au\/wp-content\/uploads\/2020\/09\/Logo-02.png\" \/>\n\t<meta property=\"og:image:width\" content=\"1361\" \/>\n\t<meta property=\"og:image:height\" content=\"830\" \/>\n\t<meta property=\"og:image:type\" content=\"image\/png\" \/>\n<meta name=\"twitter:card\" content=\"summary_large_image\" \/>\n<meta name=\"twitter:site\" content=\"@MortgageFlexi\" \/>\n<meta name=\"twitter:label1\" content=\"Est. reading time\" \/>\n\t<meta name=\"twitter:data1\" content=\"1 minute\" \/>\n<script type=\"application\/ld+json\" class=\"yoast-schema-graph\">{\"@context\":\"https:\/\/schema.org\",\"@graph\":[{\"@type\":\"WebPage\",\"@id\":\"https:\/\/fleximortgage.com.au\/vay-mua-nha-danh-cho-visa-tam-tru\/\",\"url\":\"https:\/\/fleximortgage.com.au\/vay-mua-nha-danh-cho-visa-tam-tru\/\",\"name\":\"Vay mua nh\u00e0 d\u00e0nh cho visa t\u1ea1m tr\u00fa - Flexi Mortgage\",\"isPartOf\":{\"@id\":\"https:\/\/fleximortgage.com.au\/#website\"},\"datePublished\":\"2021-12-07T05:02:40+00:00\",\"dateModified\":\"2021-12-15T06:48:52+00:00\",\"description\":\"Vay mua nh\u00e0 d\u00e0nh cho visa t\u1ea1m tr\u00fa\",\"breadcrumb\":{\"@id\":\"https:\/\/fleximortgage.com.au\/vay-mua-nha-danh-cho-visa-tam-tru\/#breadcrumb\"},\"inLanguage\":\"en-AU\",\"potentialAction\":[{\"@type\":\"ReadAction\",\"target\":[\"https:\/\/fleximortgage.com.au\/vay-mua-nha-danh-cho-visa-tam-tru\/\"]}]},{\"@type\":\"BreadcrumbList\",\"@id\":\"https:\/\/fleximortgage.com.au\/vay-mua-nha-danh-cho-visa-tam-tru\/#breadcrumb\",\"itemListElement\":[{\"@type\":\"ListItem\",\"position\":1,\"name\":\"Home\",\"item\":\"https:\/\/fleximortgage.com.au\/\"},{\"@type\":\"ListItem\",\"position\":2,\"name\":\"Vay mua nh\u00e0 d\u00e0nh cho visa t\u1ea1m tr\u00fa\"}]},{\"@type\":\"WebSite\",\"@id\":\"https:\/\/fleximortgage.com.au\/#website\",\"url\":\"https:\/\/fleximortgage.com.au\/\",\"name\":\"Flexi Mortgage\",\"description\":\"Flexi options - Flexi solutions\",\"publisher\":{\"@id\":\"https:\/\/fleximortgage.com.au\/#organization\"},\"potentialAction\":[{\"@type\":\"SearchAction\",\"target\":{\"@type\":\"EntryPoint\",\"urlTemplate\":\"https:\/\/fleximortgage.com.au\/?s={search_term_string}\"},\"query-input\":{\"@type\":\"PropertyValueSpecification\",\"valueRequired\":true,\"valueName\":\"search_term_string\"}}],\"inLanguage\":\"en-AU\"},{\"@type\":\"Organization\",\"@id\":\"https:\/\/fleximortgage.com.au\/#organization\",\"name\":\"Flexi Mortgage\",\"url\":\"https:\/\/fleximortgage.com.au\/\",\"logo\":{\"@type\":\"ImageObject\",\"inLanguage\":\"en-AU\",\"@id\":\"https:\/\/fleximortgage.com.au\/#\/schema\/logo\/image\/\",\"url\":\"https:\/\/fleximortgage.com.au\/wp-content\/uploads\/2020\/09\/Logo-02.png\",\"contentUrl\":\"https:\/\/fleximortgage.com.au\/wp-content\/uploads\/2020\/09\/Logo-02.png\",\"width\":1361,\"height\":830,\"caption\":\"Flexi Mortgage\"},\"image\":{\"@id\":\"https:\/\/fleximortgage.com.au\/#\/schema\/logo\/image\/\"},\"sameAs\":[\"https:\/\/www.facebook.com\/FlexiMortgage\",\"https:\/\/x.com\/MortgageFlexi\",\"https:\/\/www.linkedin.com\/company\/flexi-mortgage\/\",\"https:\/\/www.youtube.com\/channel\/UCkz7FQm7CACp9sDWhSnIxUg\/featured\"]}]}<\/script>\n<!-- \/ Yoast SEO plugin. -->","yoast_head_json":{"title":"Vay mua nh\u00e0 d\u00e0nh cho visa t\u1ea1m tr\u00fa - Flexi Mortgage","description":"Vay mua nh\u00e0 d\u00e0nh cho visa t\u1ea1m tr\u00fa","robots":{"index":"index","follow":"follow","max-snippet":"max-snippet:-1","max-image-preview":"max-image-preview:large","max-video-preview":"max-video-preview:-1"},"canonical":"https:\/\/fleximortgage.com.au\/en\/vay-mua-nha-danh-cho-visa-tam-tru\/","og_locale":"en_US","og_type":"article","og_title":"Vay mua nh\u00e0 d\u00e0nh cho visa t\u1ea1m tr\u00fa - Flexi Mortgage","og_description":"Vay mua nh\u00e0 d\u00e0nh cho visa t\u1ea1m tr\u00fa","og_url":"https:\/\/fleximortgage.com.au\/en\/vay-mua-nha-danh-cho-visa-tam-tru\/","og_site_name":"Flexi Mortgage","article_publisher":"https:\/\/www.facebook.com\/FlexiMortgage","article_modified_time":"2021-12-15T06:48:52+00:00","og_image":[{"width":1361,"height":830,"url":"https:\/\/fleximortgage.com.au\/wp-content\/uploads\/2020\/09\/Logo-02.png","type":"image\/png"}],"twitter_card":"summary_large_image","twitter_site":"@MortgageFlexi","twitter_misc":{"Est. reading time":"1 minute"},"schema":{"@context":"https:\/\/schema.org","@graph":[{"@type":"WebPage","@id":"https:\/\/fleximortgage.com.au\/vay-mua-nha-danh-cho-visa-tam-tru\/","url":"https:\/\/fleximortgage.com.au\/vay-mua-nha-danh-cho-visa-tam-tru\/","name":"Vay mua nh\u00e0 d\u00e0nh cho visa t\u1ea1m tr\u00fa - Flexi Mortgage","isPartOf":{"@id":"https:\/\/fleximortgage.com.au\/#website"},"datePublished":"2021-12-07T05:02:40+00:00","dateModified":"2021-12-15T06:48:52+00:00","description":"Vay mua nh\u00e0 d\u00e0nh cho visa t\u1ea1m tr\u00fa","breadcrumb":{"@id":"https:\/\/fleximortgage.com.au\/vay-mua-nha-danh-cho-visa-tam-tru\/#breadcrumb"},"inLanguage":"en-AU","potentialAction":[{"@type":"ReadAction","target":["https:\/\/fleximortgage.com.au\/vay-mua-nha-danh-cho-visa-tam-tru\/"]}]},{"@type":"BreadcrumbList","@id":"https:\/\/fleximortgage.com.au\/vay-mua-nha-danh-cho-visa-tam-tru\/#breadcrumb","itemListElement":[{"@type":"ListItem","position":1,"name":"Home","item":"https:\/\/fleximortgage.com.au\/"},{"@type":"ListItem","position":2,"name":"Vay mua nh\u00e0 d\u00e0nh cho visa t\u1ea1m tr\u00fa"}]},{"@type":"WebSite","@id":"https:\/\/fleximortgage.com.au\/#website","url":"https:\/\/fleximortgage.com.au\/","name":"Flexi Mortgage","description":"Flexi options - Flexi solutions","publisher":{"@id":"https:\/\/fleximortgage.com.au\/#organization"},"potentialAction":[{"@type":"SearchAction","target":{"@type":"EntryPoint","urlTemplate":"https:\/\/fleximortgage.com.au\/?s={search_term_string}"},"query-input":{"@type":"PropertyValueSpecification","valueRequired":true,"valueName":"search_term_string"}}],"inLanguage":"en-AU"},{"@type":"Organization","@id":"https:\/\/fleximortgage.com.au\/#organization","name":"Flexi Mortgage","url":"https:\/\/fleximortgage.com.au\/","logo":{"@type":"ImageObject","inLanguage":"en-AU","@id":"https:\/\/fleximortgage.com.au\/#\/schema\/logo\/image\/","url":"https:\/\/fleximortgage.com.au\/wp-content\/uploads\/2020\/09\/Logo-02.png","contentUrl":"https:\/\/fleximortgage.com.au\/wp-content\/uploads\/2020\/09\/Logo-02.png","width":1361,"height":830,"caption":"Flexi Mortgage"},"image":{"@id":"https:\/\/fleximortgage.com.au\/#\/schema\/logo\/image\/"},"sameAs":["https:\/\/www.facebook.com\/FlexiMortgage","https:\/\/x.com\/MortgageFlexi","https:\/\/www.linkedin.com\/company\/flexi-mortgage\/","https:\/\/www.youtube.com\/channel\/UCkz7FQm7CACp9sDWhSnIxUg\/featured"]}]}},"_links":{"self":[{"href":"https:\/\/fleximortgage.com.au\/en\/wp-json\/wp\/v2\/pages\/6507"}],"collection":[{"href":"https:\/\/fleximortgage.com.au\/en\/wp-json\/wp\/v2\/pages"}],"about":[{"href":"https:\/\/fleximortgage.com.au\/en\/wp-json\/wp\/v2\/types\/page"}],"author":[{"embeddable":true,"href":"https:\/\/fleximortgage.com.au\/en\/wp-json\/wp\/v2\/users\/1"}],"replies":[{"embeddable":true,"href":"https:\/\/fleximortgage.com.au\/en\/wp-json\/wp\/v2\/comments?post=6507"}],"version-history":[{"count":0,"href":"https:\/\/fleximortgage.com.au\/en\/wp-json\/wp\/v2\/pages\/6507\/revisions"}],"wp:attachment":[{"href":"https:\/\/fleximortgage.com.au\/en\/wp-json\/wp\/v2\/media?parent=6507"}],"curies":[{"name":"wp","href":"https:\/\/api.w.org\/{rel}","templated":true}]}}