{"id":6138,"date":"2021-08-23T13:51:32","date_gmt":"2021-08-23T03:51:32","guid":{"rendered":"https:\/\/fleximortgage.com.au\/?page_id=6138"},"modified":"2021-08-23T13:55:16","modified_gmt":"2021-08-23T03:55:16","slug":"cac-dich-vu-vay-khac","status":"publish","type":"page","link":"https:\/\/fleximortgage.com.au\/en\/cac-dich-vu-vay-khac\/","title":{"rendered":"C\u00e1c d\u1ecbch v\u1ee5 vay kh\u00e1c"},"content":{"rendered":"<div data-elementor-type=\"wp-page\" data-elementor-id=\"6138\" class=\"elementor elementor-6138\" data-elementor-post-type=\"page\">\n\t\t\t\t\t\t<section class=\"elementor-section elementor-top-section elementor-element elementor-element-14aec87 elementor-section-boxed elementor-section-height-default elementor-section-height-default\" data-id=\"14aec87\" data-element_type=\"section\">\n\t\t\t\t\t\t<div class=\"elementor-container elementor-column-gap-default\">\n\t\t\t\t\t<div class=\"elementor-column elementor-col-100 elementor-top-column elementor-element elementor-element-98c8692\" data-id=\"98c8692\" data-element_type=\"column\">\n\t\t\t<div class=\"elementor-widget-wrap elementor-element-populated\">\n\t\t\t\t\t\t<div class=\"elementor-element elementor-element-d4c0e2b elementor--h-position-center elementor--v-position-middle elementor-arrows-position-inside elementor-pagination-position-inside elementor-widget elementor-widget-slides\" data-id=\"d4c0e2b\" data-element_type=\"widget\" data-settings=\"{&quot;navigation&quot;:&quot;both&quot;,&quot;autoplay&quot;:&quot;yes&quot;,&quot;pause_on_hover&quot;:&quot;yes&quot;,&quot;pause_on_interaction&quot;:&quot;yes&quot;,&quot;autoplay_speed&quot;:5000,&quot;infinite&quot;:&quot;yes&quot;,&quot;transition&quot;:&quot;slide&quot;,&quot;transition_speed&quot;:500}\" data-widget_type=\"slides.default\">\n\t\t\t\t<div class=\"elementor-widget-container\">\n\t\t\t\t\t<div class=\"elementor-swiper\">\n\t\t\t<div class=\"elementor-slides-wrapper elementor-main-swiper swiper\" dir=\"ltr\" data-animation=\"fadeInUp\">\n\t\t\t\t<div class=\"swiper-wrapper elementor-slides\">\n\t\t\t\t\t\t\t\t\t\t<div class=\"elementor-repeater-item-f5af526 swiper-slide\"><div class=\"swiper-slide-bg\" role=\"img\"><\/div><div class=\"elementor-background-overlay\"><\/div><a class=\"swiper-slide-inner\" href=\"tel:0287731451\"><div class=\"swiper-slide-contents\"><div class=\"elementor-slide-heading\">Gi\u00fap kh\u00e1ch h\u00e0ng th\u1ef1c hi\u1ec7n c\u00f3 \u0111\u01b0\u1ee3c kho\u1ea3n vay nh\u01b0 \u00fd!<\/div><div class=\"elementor-slide-description\">Tr\u1ea3i qua h\u01a1n 10 n\u0103m kinh nghi\u1ec7m trong l\u0129nh v\u1ef1c t\u00e0i ch\u00ednh v\u00e0 d\u1ecbch v\u1ee5 t\u01b0 v\u1ea5n, Flexi Mortgage \u0111\u00e3 gi\u00fap \u0111\u1ee1 r\u1ea5t nhi\u1ec1u kh\u00e1ch h\u00e0ng ng\u01b0\u1eddi Vi\u1ec7t c\u00f3 \u0111\u01b0\u1ee3c kho\u1ea3n vay mong \u0111\u1ee3i & gi\u00fap kh\u00e1ch h\u00e0ng gi\u1ea3i quy\u1ebft v\u1ec1 v\u1ea5n \u0111\u1ec1 t\u00e0i ch\u00ednh ho\u1eb7c \u1edf trong c\u00e1c t\u00ecnh tr\u1ea1ng t\u00e0i ch\u00ednh b\u1ea5t l\u1ee3i.<\/div><div  class=\"elementor-button elementor-slide-button elementor-size-sm\">CALL US<\/div><\/div><\/a><\/div>\t\t\t\t<\/div>\n\t\t\t\t\t\t\t<\/div>\n\t\t<\/div>\n\t\t\t\t<\/div>\n\t\t\t\t<\/div>\n\t\t\t\t\t<\/div>\n\t\t<\/div>\n\t\t\t\t\t<\/div>\n\t\t<\/section>\n\t\t\t\t<section class=\"elementor-section elementor-top-section elementor-element elementor-element-d5f01a1 elementor-section-boxed elementor-section-height-default elementor-section-height-default\" data-id=\"d5f01a1\" data-element_type=\"section\">\n\t\t\t\t\t\t<div class=\"elementor-container elementor-column-gap-default\">\n\t\t\t\t\t<div class=\"elementor-column elementor-col-100 elementor-top-column elementor-element elementor-element-2d3828e\" data-id=\"2d3828e\" data-element_type=\"column\">\n\t\t\t<div class=\"elementor-widget-wrap elementor-element-populated\">\n\t\t\t\t\t\t<div class=\"elementor-element elementor-element-23b2e06 elementor-invisible elementor-widget elementor-widget-heading\" data-id=\"23b2e06\" data-element_type=\"widget\" data-settings=\"{&quot;_animation&quot;:&quot;fadeIn&quot;,&quot;_animation_delay&quot;:100}\" data-widget_type=\"heading.default\">\n\t\t\t\t<div class=\"elementor-widget-container\">\n\t\t\t<h1 class=\"elementor-heading-title elementor-size-default\">TH\u00d4NG TIN D\u1ecaCH V\u1ee4 VAY KH\u00c1C<\/h1>\t\t<\/div>\n\t\t\t\t<\/div>\n\t\t\t\t\t<\/div>\n\t\t<\/div>\n\t\t\t\t\t<\/div>\n\t\t<\/section>\n\t\t\t\t<section class=\"elementor-section elementor-top-section elementor-element elementor-element-b6360f5 elementor-section-boxed elementor-section-height-default elementor-section-height-default\" data-id=\"b6360f5\" data-element_type=\"section\">\n\t\t\t\t\t\t<div class=\"elementor-container elementor-column-gap-default\">\n\t\t\t\t\t<div class=\"elementor-column elementor-col-100 elementor-top-column elementor-element elementor-element-bdcab06\" data-id=\"bdcab06\" data-element_type=\"column\" data-settings=\"{&quot;background_background&quot;:&quot;classic&quot;}\">\n\t\t\t<div class=\"elementor-widget-wrap elementor-element-populated\">\n\t\t\t\t\t\t<section class=\"elementor-section elementor-inner-section elementor-element elementor-element-b4158d7 elementor-section-boxed elementor-section-height-default elementor-section-height-default\" data-id=\"b4158d7\" data-element_type=\"section\">\n\t\t\t\t\t\t<div class=\"elementor-container elementor-column-gap-default\">\n\t\t\t\t\t<div class=\"elementor-column elementor-col-33 elementor-inner-column elementor-element elementor-element-9c25af2\" data-id=\"9c25af2\" data-element_type=\"column\">\n\t\t\t<div class=\"elementor-widget-wrap elementor-element-populated\">\n\t\t\t\t\t\t<div class=\"elementor-element elementor-element-3cfe382 elementor-position-left elementor-view-default elementor-mobile-position-top elementor-vertical-align-top elementor-widget elementor-widget-icon-box\" data-id=\"3cfe382\" data-element_type=\"widget\" data-widget_type=\"icon-box.default\">\n\t\t\t\t<div class=\"elementor-widget-container\">\n\t\t\t\t\t<div class=\"elementor-icon-box-wrapper\">\n\n\t\t\t\t\t\t<div class=\"elementor-icon-box-icon\">\n\t\t\t\t<span  class=\"elementor-icon elementor-animation-grow\">\n\t\t\t\t<i aria-hidden=\"true\" class=\"fas fa-business-time\"><\/i>\t\t\t\t<\/span>\n\t\t\t<\/div>\n\t\t\t\n\t\t\t\t\t\t<div class=\"elementor-icon-box-content\">\n\n\t\t\t\t\t\t\t\t\t<h3 class=\"elementor-icon-box-title\">\n\t\t\t\t\t\t<span  >\n\t\t\t\t\t\t\tBUSINESS LOAN \t\t\t\t\t\t<\/span>\n\t\t\t\t\t<\/h3>\n\t\t\t\t\n\t\t\t\t\t\t\t\t\t<p class=\"elementor-icon-box-description\">\n\t\t\t\t\t\tFlexi Mortgage provides loan services for business needs.\t\t\t\t\t<\/p>\n\t\t\t\t\n\t\t\t<\/div>\n\t\t\t\n\t\t<\/div>\n\t\t\t\t<\/div>\n\t\t\t\t<\/div>\n\t\t\t\t<div class=\"elementor-element elementor-element-d9a340f elementor-button-info elementor-align-center elementor-widget elementor-widget-button\" data-id=\"d9a340f\" data-element_type=\"widget\" data-widget_type=\"button.default\">\n\t\t\t\t<div class=\"elementor-widget-container\">\n\t\t\t\t\t<div class=\"elementor-button-wrapper\">\n\t\t\t<a class=\"elementor-button elementor-button-link elementor-size-sm elementor-animation-shrink\" href=\"tel:0287731451\">\n\t\t\t\t\t\t<span class=\"elementor-button-content-wrapper\">\n\t\t\t\t\t\t<span class=\"elementor-button-icon\">\n\t\t\t\t<i aria-hidden=\"true\" class=\"far fa-caret-square-right\"><\/i>\t\t\t<\/span>\n\t\t\t\t\t\t\t\t\t<span class=\"elementor-button-text\">CONSULT NOW<\/span>\n\t\t\t\t\t<\/span>\n\t\t\t\t\t<\/a>\n\t\t<\/div>\n\t\t\t\t<\/div>\n\t\t\t\t<\/div>\n\t\t\t\t\t<\/div>\n\t\t<\/div>\n\t\t\t\t<div class=\"elementor-column elementor-col-33 elementor-inner-column elementor-element elementor-element-53d8bb6\" data-id=\"53d8bb6\" data-element_type=\"column\">\n\t\t\t<div class=\"elementor-widget-wrap elementor-element-populated\">\n\t\t\t\t\t\t<div class=\"elementor-element elementor-element-e3c672d elementor-position-left elementor-view-default elementor-mobile-position-top elementor-vertical-align-top elementor-widget elementor-widget-icon-box\" data-id=\"e3c672d\" data-element_type=\"widget\" data-widget_type=\"icon-box.default\">\n\t\t\t\t<div class=\"elementor-widget-container\">\n\t\t\t\t\t<div class=\"elementor-icon-box-wrapper\">\n\n\t\t\t\t\t\t<div class=\"elementor-icon-box-icon\">\n\t\t\t\t<span  class=\"elementor-icon elementor-animation-grow\">\n\t\t\t\t<i aria-hidden=\"true\" class=\"far fa-user-circle\"><\/i>\t\t\t\t<\/span>\n\t\t\t<\/div>\n\t\t\t\n\t\t\t\t\t\t<div class=\"elementor-icon-box-content\">\n\n\t\t\t\t\t\t\t\t\t<h3 class=\"elementor-icon-box-title\">\n\t\t\t\t\t\t<span  >\n\t\t\t\t\t\t\tPERSONAL LOAN\t\t\t\t\t\t<\/span>\n\t\t\t\t\t<\/h3>\n\t\t\t\t\n\t\t\t\t\t\t\t\t\t<p class=\"elementor-icon-box-description\">\n\t\t\t\t\t\tCar purchases or other personal loan needs are very common. We will have the right solution for you.\t\t\t\t\t<\/p>\n\t\t\t\t\n\t\t\t<\/div>\n\t\t\t\n\t\t<\/div>\n\t\t\t\t<\/div>\n\t\t\t\t<\/div>\n\t\t\t\t<div class=\"elementor-element elementor-element-c56800e elementor-button-info elementor-align-center elementor-widget elementor-widget-button\" data-id=\"c56800e\" data-element_type=\"widget\" data-widget_type=\"button.default\">\n\t\t\t\t<div class=\"elementor-widget-container\">\n\t\t\t\t\t<div class=\"elementor-button-wrapper\">\n\t\t\t<a class=\"elementor-button elementor-button-link elementor-size-sm elementor-animation-shrink\" href=\"tel:0287731451\">\n\t\t\t\t\t\t<span class=\"elementor-button-content-wrapper\">\n\t\t\t\t\t\t<span class=\"elementor-button-icon\">\n\t\t\t\t<i aria-hidden=\"true\" class=\"far fa-caret-square-right\"><\/i>\t\t\t<\/span>\n\t\t\t\t\t\t\t\t\t<span class=\"elementor-button-text\">CONSULT NOW<\/span>\n\t\t\t\t\t<\/span>\n\t\t\t\t\t<\/a>\n\t\t<\/div>\n\t\t\t\t<\/div>\n\t\t\t\t<\/div>\n\t\t\t\t\t<\/div>\n\t\t<\/div>\n\t\t\t\t<div class=\"elementor-column elementor-col-33 elementor-inner-column elementor-element elementor-element-fb3a2bb\" data-id=\"fb3a2bb\" data-element_type=\"column\">\n\t\t\t<div class=\"elementor-widget-wrap elementor-element-populated\">\n\t\t\t\t\t\t<div class=\"elementor-element elementor-element-a733fb3 elementor-position-left elementor-view-default elementor-mobile-position-top elementor-vertical-align-top elementor-widget elementor-widget-icon-box\" data-id=\"a733fb3\" data-element_type=\"widget\" data-widget_type=\"icon-box.default\">\n\t\t\t\t<div class=\"elementor-widget-container\">\n\t\t\t\t\t<div class=\"elementor-icon-box-wrapper\">\n\n\t\t\t\t\t\t<div class=\"elementor-icon-box-icon\">\n\t\t\t\t<span  class=\"elementor-icon elementor-animation-grow\">\n\t\t\t\t<i aria-hidden=\"true\" class=\"far fa-file-alt\"><\/i>\t\t\t\t<\/span>\n\t\t\t<\/div>\n\t\t\t\n\t\t\t\t\t\t<div class=\"elementor-icon-box-content\">\n\n\t\t\t\t\t\t\t\t\t<h3 class=\"elementor-icon-box-title\">\n\t\t\t\t\t\t<span  >\n\t\t\t\t\t\t\tGUIDELINES FOR HOME LOAN PROCESS IN AUSTRALIA\t\t\t\t\t\t<\/span>\n\t\t\t\t\t<\/h3>\n\t\t\t\t\n\t\t\t\t\t\t\t\t\t<p class=\"elementor-icon-box-description\">\n\t\t\t\t\t\tWe want you to have peace of mind when shopping for your dream home. Therefore, experts will guide you wholeheartedly for your peace of mind about this great choice.\t\t\t\t\t<\/p>\n\t\t\t\t\n\t\t\t<\/div>\n\t\t\t\n\t\t<\/div>\n\t\t\t\t<\/div>\n\t\t\t\t<\/div>\n\t\t\t\t<div class=\"elementor-element elementor-element-ee5e6d6 elementor-button-info elementor-align-center elementor-widget elementor-widget-button\" data-id=\"ee5e6d6\" data-element_type=\"widget\" data-widget_type=\"button.default\">\n\t\t\t\t<div class=\"elementor-widget-container\">\n\t\t\t\t\t<div class=\"elementor-button-wrapper\">\n\t\t\t<a class=\"elementor-button elementor-button-link elementor-size-sm elementor-animation-shrink\" href=\"tel:0287731451\">\n\t\t\t\t\t\t<span class=\"elementor-button-content-wrapper\">\n\t\t\t\t\t\t<span class=\"elementor-button-icon\">\n\t\t\t\t<i aria-hidden=\"true\" class=\"far fa-caret-square-right\"><\/i>\t\t\t<\/span>\n\t\t\t\t\t\t\t\t\t<span class=\"elementor-button-text\">CONSULT NOW<\/span>\n\t\t\t\t\t<\/span>\n\t\t\t\t\t<\/a>\n\t\t<\/div>\n\t\t\t\t<\/div>\n\t\t\t\t<\/div>\n\t\t\t\t\t<\/div>\n\t\t<\/div>\n\t\t\t\t\t<\/div>\n\t\t<\/section>\n\t\t\t\t\t<\/div>\n\t\t<\/div>\n\t\t\t\t\t<\/div>\n\t\t<\/section>\n\t\t\t\t<\/div>","protected":false},"excerpt":{"rendered":"<p>Gi\u00fap kh\u00e1ch h\u00e0ng th\u1ef1c hi\u1ec7n c\u00f3 \u0111\u01b0\u1ee3c kho\u1ea3n vay nh\u01b0 \u00fd!Tr\u1ea3i qua h\u01a1n 10 n\u0103m kinh nghi\u1ec7m trong l\u0129nh v\u1ef1c t\u00e0i ch\u00ednh v\u00e0 d\u1ecbch v\u1ee5 t\u01b0 v\u1ea5n, Flexi Mortgage \u0111\u00e3 &#8230;<\/p>","protected":false},"author":1,"featured_media":0,"parent":0,"menu_order":0,"comment_status":"closed","ping_status":"closed","template":"elementor_header_footer","meta":{"footnotes":""},"class_list":["post-6138","page","type-page","status-publish","hentry"],"yoast_head":"<!-- This site is optimized with the Yoast SEO plugin v23.6 - https:\/\/yoast.com\/wordpress\/plugins\/seo\/ -->\n<title>C\u00e1c d\u1ecbch v\u1ee5 vay kh\u00e1c - Flexi Mortgage<\/title>\n<meta name=\"description\" content=\"C\u00e1c d\u1ecbch v\u1ee5 vay kh\u00e1c\" \/>\n<meta name=\"robots\" content=\"index, follow, max-snippet:-1, max-image-preview:large, max-video-preview:-1\" \/>\n<link rel=\"canonical\" href=\"https:\/\/fleximortgage.com.au\/en\/cac-dich-vu-vay-khac\/\" \/>\n<meta property=\"og:locale\" content=\"en_US\" \/>\n<meta property=\"og:type\" content=\"article\" \/>\n<meta property=\"og:title\" content=\"C\u00e1c d\u1ecbch v\u1ee5 vay kh\u00e1c - Flexi Mortgage\" \/>\n<meta property=\"og:description\" content=\"C\u00e1c d\u1ecbch v\u1ee5 vay kh\u00e1c\" \/>\n<meta property=\"og:url\" content=\"https:\/\/fleximortgage.com.au\/en\/cac-dich-vu-vay-khac\/\" \/>\n<meta property=\"og:site_name\" content=\"Flexi Mortgage\" \/>\n<meta property=\"article:publisher\" content=\"https:\/\/www.facebook.com\/FlexiMortgage\" \/>\n<meta property=\"article:modified_time\" content=\"2021-08-23T03:55:16+00:00\" \/>\n<meta property=\"og:image\" content=\"https:\/\/fleximortgage.com.au\/wp-content\/uploads\/2020\/09\/Logo-02.png\" \/>\n\t<meta property=\"og:image:width\" content=\"1361\" \/>\n\t<meta property=\"og:image:height\" content=\"830\" \/>\n\t<meta property=\"og:image:type\" content=\"image\/png\" \/>\n<meta name=\"twitter:card\" content=\"summary_large_image\" \/>\n<meta name=\"twitter:site\" content=\"@MortgageFlexi\" \/>\n<meta name=\"twitter:label1\" content=\"Est. reading time\" \/>\n\t<meta name=\"twitter:data1\" content=\"1 minute\" \/>\n<script type=\"application\/ld+json\" class=\"yoast-schema-graph\">{\"@context\":\"https:\/\/schema.org\",\"@graph\":[{\"@type\":\"WebPage\",\"@id\":\"https:\/\/fleximortgage.com.au\/cac-dich-vu-vay-khac\/\",\"url\":\"https:\/\/fleximortgage.com.au\/cac-dich-vu-vay-khac\/\",\"name\":\"C\u00e1c d\u1ecbch v\u1ee5 vay kh\u00e1c - Flexi Mortgage\",\"isPartOf\":{\"@id\":\"https:\/\/fleximortgage.com.au\/#website\"},\"datePublished\":\"2021-08-23T03:51:32+00:00\",\"dateModified\":\"2021-08-23T03:55:16+00:00\",\"description\":\"C\u00e1c d\u1ecbch v\u1ee5 vay kh\u00e1c\",\"breadcrumb\":{\"@id\":\"https:\/\/fleximortgage.com.au\/cac-dich-vu-vay-khac\/#breadcrumb\"},\"inLanguage\":\"en-AU\",\"potentialAction\":[{\"@type\":\"ReadAction\",\"target\":[\"https:\/\/fleximortgage.com.au\/cac-dich-vu-vay-khac\/\"]}]},{\"@type\":\"BreadcrumbList\",\"@id\":\"https:\/\/fleximortgage.com.au\/cac-dich-vu-vay-khac\/#breadcrumb\",\"itemListElement\":[{\"@type\":\"ListItem\",\"position\":1,\"name\":\"Home\",\"item\":\"https:\/\/fleximortgage.com.au\/\"},{\"@type\":\"ListItem\",\"position\":2,\"name\":\"C\u00e1c d\u1ecbch v\u1ee5 vay kh\u00e1c\"}]},{\"@type\":\"WebSite\",\"@id\":\"https:\/\/fleximortgage.com.au\/#website\",\"url\":\"https:\/\/fleximortgage.com.au\/\",\"name\":\"Flexi Mortgage\",\"description\":\"Flexi options - Flexi solutions\",\"publisher\":{\"@id\":\"https:\/\/fleximortgage.com.au\/#organization\"},\"potentialAction\":[{\"@type\":\"SearchAction\",\"target\":{\"@type\":\"EntryPoint\",\"urlTemplate\":\"https:\/\/fleximortgage.com.au\/?s={search_term_string}\"},\"query-input\":{\"@type\":\"PropertyValueSpecification\",\"valueRequired\":true,\"valueName\":\"search_term_string\"}}],\"inLanguage\":\"en-AU\"},{\"@type\":\"Organization\",\"@id\":\"https:\/\/fleximortgage.com.au\/#organization\",\"name\":\"Flexi Mortgage\",\"url\":\"https:\/\/fleximortgage.com.au\/\",\"logo\":{\"@type\":\"ImageObject\",\"inLanguage\":\"en-AU\",\"@id\":\"https:\/\/fleximortgage.com.au\/#\/schema\/logo\/image\/\",\"url\":\"https:\/\/fleximortgage.com.au\/wp-content\/uploads\/2020\/09\/Logo-02.png\",\"contentUrl\":\"https:\/\/fleximortgage.com.au\/wp-content\/uploads\/2020\/09\/Logo-02.png\",\"width\":1361,\"height\":830,\"caption\":\"Flexi Mortgage\"},\"image\":{\"@id\":\"https:\/\/fleximortgage.com.au\/#\/schema\/logo\/image\/\"},\"sameAs\":[\"https:\/\/www.facebook.com\/FlexiMortgage\",\"https:\/\/x.com\/MortgageFlexi\",\"https:\/\/www.linkedin.com\/company\/flexi-mortgage\/\",\"https:\/\/www.youtube.com\/channel\/UCkz7FQm7CACp9sDWhSnIxUg\/featured\"]}]}<\/script>\n<!-- \/ Yoast SEO plugin. -->","yoast_head_json":{"title":"C\u00e1c d\u1ecbch v\u1ee5 vay kh\u00e1c - Flexi Mortgage","description":"C\u00e1c d\u1ecbch v\u1ee5 vay kh\u00e1c","robots":{"index":"index","follow":"follow","max-snippet":"max-snippet:-1","max-image-preview":"max-image-preview:large","max-video-preview":"max-video-preview:-1"},"canonical":"https:\/\/fleximortgage.com.au\/en\/cac-dich-vu-vay-khac\/","og_locale":"en_US","og_type":"article","og_title":"C\u00e1c d\u1ecbch v\u1ee5 vay kh\u00e1c - Flexi Mortgage","og_description":"C\u00e1c d\u1ecbch v\u1ee5 vay kh\u00e1c","og_url":"https:\/\/fleximortgage.com.au\/en\/cac-dich-vu-vay-khac\/","og_site_name":"Flexi Mortgage","article_publisher":"https:\/\/www.facebook.com\/FlexiMortgage","article_modified_time":"2021-08-23T03:55:16+00:00","og_image":[{"width":1361,"height":830,"url":"https:\/\/fleximortgage.com.au\/wp-content\/uploads\/2020\/09\/Logo-02.png","type":"image\/png"}],"twitter_card":"summary_large_image","twitter_site":"@MortgageFlexi","twitter_misc":{"Est. reading time":"1 minute"},"schema":{"@context":"https:\/\/schema.org","@graph":[{"@type":"WebPage","@id":"https:\/\/fleximortgage.com.au\/cac-dich-vu-vay-khac\/","url":"https:\/\/fleximortgage.com.au\/cac-dich-vu-vay-khac\/","name":"C\u00e1c d\u1ecbch v\u1ee5 vay kh\u00e1c - Flexi Mortgage","isPartOf":{"@id":"https:\/\/fleximortgage.com.au\/#website"},"datePublished":"2021-08-23T03:51:32+00:00","dateModified":"2021-08-23T03:55:16+00:00","description":"C\u00e1c d\u1ecbch v\u1ee5 vay kh\u00e1c","breadcrumb":{"@id":"https:\/\/fleximortgage.com.au\/cac-dich-vu-vay-khac\/#breadcrumb"},"inLanguage":"en-AU","potentialAction":[{"@type":"ReadAction","target":["https:\/\/fleximortgage.com.au\/cac-dich-vu-vay-khac\/"]}]},{"@type":"BreadcrumbList","@id":"https:\/\/fleximortgage.com.au\/cac-dich-vu-vay-khac\/#breadcrumb","itemListElement":[{"@type":"ListItem","position":1,"name":"Home","item":"https:\/\/fleximortgage.com.au\/"},{"@type":"ListItem","position":2,"name":"C\u00e1c d\u1ecbch v\u1ee5 vay kh\u00e1c"}]},{"@type":"WebSite","@id":"https:\/\/fleximortgage.com.au\/#website","url":"https:\/\/fleximortgage.com.au\/","name":"Flexi Mortgage","description":"Flexi options - Flexi solutions","publisher":{"@id":"https:\/\/fleximortgage.com.au\/#organization"},"potentialAction":[{"@type":"SearchAction","target":{"@type":"EntryPoint","urlTemplate":"https:\/\/fleximortgage.com.au\/?s={search_term_string}"},"query-input":{"@type":"PropertyValueSpecification","valueRequired":true,"valueName":"search_term_string"}}],"inLanguage":"en-AU"},{"@type":"Organization","@id":"https:\/\/fleximortgage.com.au\/#organization","name":"Flexi Mortgage","url":"https:\/\/fleximortgage.com.au\/","logo":{"@type":"ImageObject","inLanguage":"en-AU","@id":"https:\/\/fleximortgage.com.au\/#\/schema\/logo\/image\/","url":"https:\/\/fleximortgage.com.au\/wp-content\/uploads\/2020\/09\/Logo-02.png","contentUrl":"https:\/\/fleximortgage.com.au\/wp-content\/uploads\/2020\/09\/Logo-02.png","width":1361,"height":830,"caption":"Flexi Mortgage"},"image":{"@id":"https:\/\/fleximortgage.com.au\/#\/schema\/logo\/image\/"},"sameAs":["https:\/\/www.facebook.com\/FlexiMortgage","https:\/\/x.com\/MortgageFlexi","https:\/\/www.linkedin.com\/company\/flexi-mortgage\/","https:\/\/www.youtube.com\/channel\/UCkz7FQm7CACp9sDWhSnIxUg\/featured"]}]}},"_links":{"self":[{"href":"https:\/\/fleximortgage.com.au\/en\/wp-json\/wp\/v2\/pages\/6138"}],"collection":[{"href":"https:\/\/fleximortgage.com.au\/en\/wp-json\/wp\/v2\/pages"}],"about":[{"href":"https:\/\/fleximortgage.com.au\/en\/wp-json\/wp\/v2\/types\/page"}],"author":[{"embeddable":true,"href":"https:\/\/fleximortgage.com.au\/en\/wp-json\/wp\/v2\/users\/1"}],"replies":[{"embeddable":true,"href":"https:\/\/fleximortgage.com.au\/en\/wp-json\/wp\/v2\/comments?post=6138"}],"version-history":[{"count":0,"href":"https:\/\/fleximortgage.com.au\/en\/wp-json\/wp\/v2\/pages\/6138\/revisions"}],"wp:attachment":[{"href":"https:\/\/fleximortgage.com.au\/en\/wp-json\/wp\/v2\/media?parent=6138"}],"curies":[{"name":"wp","href":"https:\/\/api.w.org\/{rel}","templated":true}]}}