{"id":4157,"date":"2021-01-11T07:26:11","date_gmt":"2021-01-11T07:26:11","guid":{"rendered":"https:\/\/fleximortgage.com.au\/?page_id=4157"},"modified":"2021-05-31T03:37:13","modified_gmt":"2021-05-31T03:37:13","slug":"buoc-3-home-loan-repayment","status":"publish","type":"page","link":"https:\/\/fleximortgage.com.au\/en\/buoc-3-home-loan-repayment\/","title":{"rendered":"B\u01b0\u1edbc 3: home loan repayment"},"content":{"rendered":"<div data-elementor-type=\"wp-page\" data-elementor-id=\"4157\" class=\"elementor elementor-4157\" data-elementor-post-type=\"page\">\n\t\t\t\t\t\t<section class=\"elementor-section elementor-top-section elementor-element elementor-element-c4ae96e elementor-section-boxed elementor-section-height-default elementor-section-height-default\" data-id=\"c4ae96e\" data-element_type=\"section\">\n\t\t\t\t\t\t<div class=\"elementor-container elementor-column-gap-default\">\n\t\t\t\t\t<div class=\"elementor-column elementor-col-33 elementor-top-column elementor-element elementor-element-3b43b0f\" data-id=\"3b43b0f\" data-element_type=\"column\">\n\t\t\t<div class=\"elementor-widget-wrap\">\n\t\t\t\t\t\t\t<\/div>\n\t\t<\/div>\n\t\t\t\t<div class=\"elementor-column elementor-col-33 elementor-top-column elementor-element elementor-element-4864eb6\" data-id=\"4864eb6\" data-element_type=\"column\">\n\t\t\t<div class=\"elementor-widget-wrap elementor-element-populated\">\n\t\t\t\t\t\t<div class=\"elementor-element elementor-element-bd67839 elementor-widget elementor-widget-shortcode\" data-id=\"bd67839\" data-element_type=\"widget\" data-widget_type=\"shortcode.default\">\n\t\t\t\t<div class=\"elementor-widget-container\">\n\t\t\t\t\t<div class=\"elementor-shortcode\"><iframe class=\"VisiCalcClass\" id=\"Loan_Repayment_Calculator\" src=\" https:\/\/www.visionabacus.net\/Tools\/B3\/SuiteA\/Z200\/MFAA\/Loan_Repayment_Calculator\/BlueGreen\" frameborder=\"0\" scrolling=\"no\"><\/iframe><\/div>\n\t\t\t\t<\/div>\n\t\t\t\t<\/div>\n\t\t\t\t<div class=\"elementor-element elementor-element-7744c7d elementor-widget elementor-widget-text-editor\" data-id=\"7744c7d\" data-element_type=\"widget\" data-widget_type=\"text-editor.default\">\n\t\t\t\t<div class=\"elementor-widget-container\">\n\t\t\t\t\t\t\t<p><b><i>L\u01b0u<\/i> <i>\u00fd:<\/i><\/b><i> Figures provided by the above formula are for illustrative purposes only and are estimated based on the information provided by you. You should consult the Flexi Mortgage financial advisory team on a case-by-case basis via the hotline:\u00a0<\/i><a style=\"background-color: #ffffff;\" href=\"http:\/\/tel:0287731451\" target=\"_blank\" rel=\"noopener\"><b>02 8773 1451<\/b><\/a><\/p>\t\t\t\t\t\t<\/div>\n\t\t\t\t<\/div>\n\t\t\t\t<div class=\"elementor-element elementor-element-cd6c667 elementor-widget elementor-widget-text-editor\" data-id=\"cd6c667\" data-element_type=\"widget\" data-widget_type=\"text-editor.default\">\n\t\t\t\t<div class=\"elementor-widget-container\">\n\t\t\t\t\t\t\t<p>See more information about:\u00a0<\/p><ul><li><a href=\"https:\/\/fleximortgage.com.au\/en\/dich-vu\/mua-nha-lan-dau\/\" target=\"_blank\" rel=\"noopener\">Buying home for the first time\u00a0<\/a><\/li><li><a href=\"https:\/\/fleximortgage.com.au\/en\/dich-vu\/mua-nha-dau-tu\/\" target=\"_blank\" rel=\"noopener\">Investment home\u00a0<\/a><\/li><li><a href=\"https:\/\/fleximortgage.com.au\/en\/refinance\/\" target=\"_blank\" rel=\"noopener\">Refinance<\/a><\/li><li><a href=\"https:\/\/fleximortgage.com.au\/en\/dich-vu\/mua-nha-theo-dien-visa-dac-biet\/\">Special visa<\/a><\/li><\/ul><p>Thank you for your interest in Flexi Mortgage services.\u00a0<\/p><p>For advice, please contact the hotline: <a href=\"tel:0287731451\"><b>02 8773 1451<\/b><\/a><\/p>\t\t\t\t\t\t<\/div>\n\t\t\t\t<\/div>\n\t\t\t\t\t<\/div>\n\t\t<\/div>\n\t\t\t\t<div class=\"elementor-column elementor-col-33 elementor-top-column elementor-element elementor-element-70eab20\" data-id=\"70eab20\" data-element_type=\"column\">\n\t\t\t<div class=\"elementor-widget-wrap\">\n\t\t\t\t\t\t\t<\/div>\n\t\t<\/div>\n\t\t\t\t\t<\/div>\n\t\t<\/section>\n\t\t\t\t<\/div>","protected":false},"excerpt":{"rendered":"<p>L\u01b0u \u00fd: S\u1ed1 li\u1ec7u \u0111\u01b0\u1ee3c cung c\u1ea5p b\u1edfi c\u00f4ng th\u1ee9c tr\u00ean ch\u1ec9 mang t\u00ednh ch\u1ea5t minh h\u1ecda v\u00e0 \u0111\u01b0\u1ee3c \u01b0\u1edbc t\u00ednh d\u1ef1a tr\u00ean th\u00f4ng tin Qu\u00fd v\u1ecb \u0111\u01b0a ra. Qu\u00fd &#8230;<\/p>","protected":false},"author":1,"featured_media":0,"parent":0,"menu_order":0,"comment_status":"closed","ping_status":"closed","template":"elementor_header_footer","meta":{"footnotes":""},"class_list":["post-4157","page","type-page","status-publish","hentry"],"yoast_head":"<!-- This site is optimized with the Yoast SEO plugin v23.6 - https:\/\/yoast.com\/wordpress\/plugins\/seo\/ -->\n<title>B\u01b0\u1edbc 3: home loan repayment - Flexi Mortgage<\/title>\n<meta name=\"description\" content=\"B\u01b0\u1edbc 3: home loan repayment\" \/>\n<meta name=\"robots\" content=\"index, follow, max-snippet:-1, max-image-preview:large, max-video-preview:-1\" \/>\n<link rel=\"canonical\" href=\"https:\/\/fleximortgage.com.au\/en\/buoc-3-home-loan-repayment\/\" \/>\n<meta property=\"og:locale\" content=\"en_US\" \/>\n<meta property=\"og:type\" content=\"article\" \/>\n<meta property=\"og:title\" content=\"B\u01b0\u1edbc 3: home loan repayment - Flexi Mortgage\" \/>\n<meta property=\"og:description\" content=\"B\u01b0\u1edbc 3: home loan repayment\" \/>\n<meta property=\"og:url\" content=\"https:\/\/fleximortgage.com.au\/en\/buoc-3-home-loan-repayment\/\" \/>\n<meta property=\"og:site_name\" content=\"Flexi Mortgage\" \/>\n<meta property=\"article:publisher\" content=\"https:\/\/www.facebook.com\/FlexiMortgage\" \/>\n<meta property=\"article:modified_time\" content=\"2021-05-31T03:37:13+00:00\" \/>\n<meta property=\"og:image\" content=\"https:\/\/fleximortgage.com.au\/wp-content\/uploads\/2020\/09\/Logo-02.png\" \/>\n\t<meta property=\"og:image:width\" content=\"1361\" \/>\n\t<meta property=\"og:image:height\" content=\"830\" \/>\n\t<meta property=\"og:image:type\" content=\"image\/png\" \/>\n<meta name=\"twitter:card\" content=\"summary_large_image\" \/>\n<meta name=\"twitter:site\" content=\"@MortgageFlexi\" \/>\n<meta name=\"twitter:label1\" content=\"Est. reading time\" \/>\n\t<meta name=\"twitter:data1\" content=\"1 minute\" \/>\n<script type=\"application\/ld+json\" class=\"yoast-schema-graph\">{\"@context\":\"https:\/\/schema.org\",\"@graph\":[{\"@type\":\"WebPage\",\"@id\":\"https:\/\/fleximortgage.com.au\/buoc-3-home-loan-repayment\/\",\"url\":\"https:\/\/fleximortgage.com.au\/buoc-3-home-loan-repayment\/\",\"name\":\"B\u01b0\u1edbc 3: home loan repayment - Flexi Mortgage\",\"isPartOf\":{\"@id\":\"https:\/\/fleximortgage.com.au\/#website\"},\"datePublished\":\"2021-01-11T07:26:11+00:00\",\"dateModified\":\"2021-05-31T03:37:13+00:00\",\"description\":\"B\u01b0\u1edbc 3: home loan repayment\",\"breadcrumb\":{\"@id\":\"https:\/\/fleximortgage.com.au\/buoc-3-home-loan-repayment\/#breadcrumb\"},\"inLanguage\":\"en-AU\",\"potentialAction\":[{\"@type\":\"ReadAction\",\"target\":[\"https:\/\/fleximortgage.com.au\/buoc-3-home-loan-repayment\/\"]}]},{\"@type\":\"BreadcrumbList\",\"@id\":\"https:\/\/fleximortgage.com.au\/buoc-3-home-loan-repayment\/#breadcrumb\",\"itemListElement\":[{\"@type\":\"ListItem\",\"position\":1,\"name\":\"Home\",\"item\":\"https:\/\/fleximortgage.com.au\/\"},{\"@type\":\"ListItem\",\"position\":2,\"name\":\"B\u01b0\u1edbc 3: home loan repayment\"}]},{\"@type\":\"WebSite\",\"@id\":\"https:\/\/fleximortgage.com.au\/#website\",\"url\":\"https:\/\/fleximortgage.com.au\/\",\"name\":\"Flexi Mortgage\",\"description\":\"Flexi options - Flexi solutions\",\"publisher\":{\"@id\":\"https:\/\/fleximortgage.com.au\/#organization\"},\"potentialAction\":[{\"@type\":\"SearchAction\",\"target\":{\"@type\":\"EntryPoint\",\"urlTemplate\":\"https:\/\/fleximortgage.com.au\/?s={search_term_string}\"},\"query-input\":{\"@type\":\"PropertyValueSpecification\",\"valueRequired\":true,\"valueName\":\"search_term_string\"}}],\"inLanguage\":\"en-AU\"},{\"@type\":\"Organization\",\"@id\":\"https:\/\/fleximortgage.com.au\/#organization\",\"name\":\"Flexi Mortgage\",\"url\":\"https:\/\/fleximortgage.com.au\/\",\"logo\":{\"@type\":\"ImageObject\",\"inLanguage\":\"en-AU\",\"@id\":\"https:\/\/fleximortgage.com.au\/#\/schema\/logo\/image\/\",\"url\":\"https:\/\/fleximortgage.com.au\/wp-content\/uploads\/2020\/09\/Logo-02.png\",\"contentUrl\":\"https:\/\/fleximortgage.com.au\/wp-content\/uploads\/2020\/09\/Logo-02.png\",\"width\":1361,\"height\":830,\"caption\":\"Flexi Mortgage\"},\"image\":{\"@id\":\"https:\/\/fleximortgage.com.au\/#\/schema\/logo\/image\/\"},\"sameAs\":[\"https:\/\/www.facebook.com\/FlexiMortgage\",\"https:\/\/x.com\/MortgageFlexi\",\"https:\/\/www.linkedin.com\/company\/flexi-mortgage\/\",\"https:\/\/www.youtube.com\/channel\/UCkz7FQm7CACp9sDWhSnIxUg\/featured\"]}]}<\/script>\n<!-- \/ Yoast SEO plugin. -->","yoast_head_json":{"title":"B\u01b0\u1edbc 3: home loan repayment - Flexi Mortgage","description":"B\u01b0\u1edbc 3: home loan repayment","robots":{"index":"index","follow":"follow","max-snippet":"max-snippet:-1","max-image-preview":"max-image-preview:large","max-video-preview":"max-video-preview:-1"},"canonical":"https:\/\/fleximortgage.com.au\/en\/buoc-3-home-loan-repayment\/","og_locale":"en_US","og_type":"article","og_title":"B\u01b0\u1edbc 3: home loan repayment - Flexi Mortgage","og_description":"B\u01b0\u1edbc 3: home loan repayment","og_url":"https:\/\/fleximortgage.com.au\/en\/buoc-3-home-loan-repayment\/","og_site_name":"Flexi Mortgage","article_publisher":"https:\/\/www.facebook.com\/FlexiMortgage","article_modified_time":"2021-05-31T03:37:13+00:00","og_image":[{"width":1361,"height":830,"url":"https:\/\/fleximortgage.com.au\/wp-content\/uploads\/2020\/09\/Logo-02.png","type":"image\/png"}],"twitter_card":"summary_large_image","twitter_site":"@MortgageFlexi","twitter_misc":{"Est. reading time":"1 minute"},"schema":{"@context":"https:\/\/schema.org","@graph":[{"@type":"WebPage","@id":"https:\/\/fleximortgage.com.au\/buoc-3-home-loan-repayment\/","url":"https:\/\/fleximortgage.com.au\/buoc-3-home-loan-repayment\/","name":"B\u01b0\u1edbc 3: home loan repayment - Flexi Mortgage","isPartOf":{"@id":"https:\/\/fleximortgage.com.au\/#website"},"datePublished":"2021-01-11T07:26:11+00:00","dateModified":"2021-05-31T03:37:13+00:00","description":"B\u01b0\u1edbc 3: home loan repayment","breadcrumb":{"@id":"https:\/\/fleximortgage.com.au\/buoc-3-home-loan-repayment\/#breadcrumb"},"inLanguage":"en-AU","potentialAction":[{"@type":"ReadAction","target":["https:\/\/fleximortgage.com.au\/buoc-3-home-loan-repayment\/"]}]},{"@type":"BreadcrumbList","@id":"https:\/\/fleximortgage.com.au\/buoc-3-home-loan-repayment\/#breadcrumb","itemListElement":[{"@type":"ListItem","position":1,"name":"Home","item":"https:\/\/fleximortgage.com.au\/"},{"@type":"ListItem","position":2,"name":"B\u01b0\u1edbc 3: home loan repayment"}]},{"@type":"WebSite","@id":"https:\/\/fleximortgage.com.au\/#website","url":"https:\/\/fleximortgage.com.au\/","name":"Flexi Mortgage","description":"Flexi options - Flexi solutions","publisher":{"@id":"https:\/\/fleximortgage.com.au\/#organization"},"potentialAction":[{"@type":"SearchAction","target":{"@type":"EntryPoint","urlTemplate":"https:\/\/fleximortgage.com.au\/?s={search_term_string}"},"query-input":{"@type":"PropertyValueSpecification","valueRequired":true,"valueName":"search_term_string"}}],"inLanguage":"en-AU"},{"@type":"Organization","@id":"https:\/\/fleximortgage.com.au\/#organization","name":"Flexi Mortgage","url":"https:\/\/fleximortgage.com.au\/","logo":{"@type":"ImageObject","inLanguage":"en-AU","@id":"https:\/\/fleximortgage.com.au\/#\/schema\/logo\/image\/","url":"https:\/\/fleximortgage.com.au\/wp-content\/uploads\/2020\/09\/Logo-02.png","contentUrl":"https:\/\/fleximortgage.com.au\/wp-content\/uploads\/2020\/09\/Logo-02.png","width":1361,"height":830,"caption":"Flexi Mortgage"},"image":{"@id":"https:\/\/fleximortgage.com.au\/#\/schema\/logo\/image\/"},"sameAs":["https:\/\/www.facebook.com\/FlexiMortgage","https:\/\/x.com\/MortgageFlexi","https:\/\/www.linkedin.com\/company\/flexi-mortgage\/","https:\/\/www.youtube.com\/channel\/UCkz7FQm7CACp9sDWhSnIxUg\/featured"]}]}},"_links":{"self":[{"href":"https:\/\/fleximortgage.com.au\/en\/wp-json\/wp\/v2\/pages\/4157"}],"collection":[{"href":"https:\/\/fleximortgage.com.au\/en\/wp-json\/wp\/v2\/pages"}],"about":[{"href":"https:\/\/fleximortgage.com.au\/en\/wp-json\/wp\/v2\/types\/page"}],"author":[{"embeddable":true,"href":"https:\/\/fleximortgage.com.au\/en\/wp-json\/wp\/v2\/users\/1"}],"replies":[{"embeddable":true,"href":"https:\/\/fleximortgage.com.au\/en\/wp-json\/wp\/v2\/comments?post=4157"}],"version-history":[{"count":0,"href":"https:\/\/fleximortgage.com.au\/en\/wp-json\/wp\/v2\/pages\/4157\/revisions"}],"wp:attachment":[{"href":"https:\/\/fleximortgage.com.au\/en\/wp-json\/wp\/v2\/media?parent=4157"}],"curies":[{"name":"wp","href":"https:\/\/api.w.org\/{rel}","templated":true}]}}