{"id":3123,"date":"2020-10-26T03:30:35","date_gmt":"2020-10-26T03:30:35","guid":{"rendered":"https:\/\/fleximortgage.com.au\/?page_id=3123"},"modified":"2020-11-07T04:56:27","modified_gmt":"2020-11-07T04:56:27","slug":"disclaimer","status":"publish","type":"page","link":"https:\/\/fleximortgage.com.au\/en\/disclaimer\/","title":{"rendered":"Disclaimer"},"content":{"rendered":"<div data-elementor-type=\"wp-page\" data-elementor-id=\"3123\" class=\"elementor elementor-3123\" data-elementor-post-type=\"page\">\n\t\t\t\t\t\t<section class=\"elementor-section elementor-top-section elementor-element elementor-element-9ecefd1 elementor-section-boxed elementor-section-height-default elementor-section-height-default\" data-id=\"9ecefd1\" data-element_type=\"section\">\n\t\t\t\t\t\t<div class=\"elementor-container elementor-column-gap-default\">\n\t\t\t\t\t<div class=\"elementor-column elementor-col-100 elementor-top-column elementor-element elementor-element-0b93378\" data-id=\"0b93378\" data-element_type=\"column\">\n\t\t\t<div class=\"elementor-widget-wrap elementor-element-populated\">\n\t\t\t\t\t\t<div class=\"elementor-element elementor-element-dd92e89 elementor-widget elementor-widget-heading\" data-id=\"dd92e89\" data-element_type=\"widget\" data-widget_type=\"heading.default\">\n\t\t\t\t<div class=\"elementor-widget-container\">\n\t\t\t<h2 class=\"elementor-heading-title elementor-size-default\">MI\u1ec4N TR\u1eea TR\u00c1CH NHI\u1ec6M<\/h2>\t\t<\/div>\n\t\t\t\t<\/div>\n\t\t\t\t<div class=\"elementor-element elementor-element-0f026c3 elementor-widget elementor-widget-heading\" data-id=\"0f026c3\" data-element_type=\"widget\" data-widget_type=\"heading.default\">\n\t\t\t\t<div class=\"elementor-widget-container\">\n\t\t\t<h2 class=\"elementor-heading-title elementor-size-default\">Facebook v\u00e0 c\u00e1c k\u00eanh x\u00e3 h\u1ed9i kh\u00e1c v\u00e0 c\u00e1c ho\u1ea1t \u0111\u1ed9ng thu th\u1eadp d\u1eef li\u1ec7u kh\u00e1c.<\/h2>\t\t<\/div>\n\t\t\t\t<\/div>\n\t\t\t\t\t<\/div>\n\t\t<\/div>\n\t\t\t\t\t<\/div>\n\t\t<\/section>\n\t\t\t\t<section class=\"elementor-section elementor-top-section elementor-element elementor-element-62183b7 elementor-section-boxed elementor-section-height-default elementor-section-height-default\" data-id=\"62183b7\" data-element_type=\"section\">\n\t\t\t\t\t\t<div class=\"elementor-container elementor-column-gap-default\">\n\t\t\t\t\t<div class=\"elementor-column elementor-col-100 elementor-top-column elementor-element elementor-element-f9a3f2c\" data-id=\"f9a3f2c\" data-element_type=\"column\">\n\t\t\t<div class=\"elementor-widget-wrap elementor-element-populated\">\n\t\t\t\t\t\t<div class=\"elementor-element elementor-element-b1d1bc5 elementor-widget elementor-widget-text-editor\" data-id=\"b1d1bc5\" data-element_type=\"widget\" data-widget_type=\"text-editor.default\">\n\t\t\t\t<div class=\"elementor-widget-container\">\n\t\t\t\t\t\t\t<p>Th\u00f4ng tin li\u00ean h\u1ec7 c\u1ee7a Qu\u00fd v\u1ecb s\u1ebd \u0111\u01b0\u1ee3c Flexi Group Holdings v\u00e0 c\u00e1c c\u00f4ng ty con c\u0169ng nh\u01b0 c\u00e1c doanh nghi\u1ec7p li\u00ean quan thu th\u1eadp. C\u00f3 th\u1ec3 li\u00ean h\u1ec7 v\u1edbi Flexi Mortgage t\u1ea1i fleximortgage.com.au. Ch\u00fang t\u00f4i s\u1eed d\u1ee5ng th\u00f4ng tin n\u00e0y \u0111\u1ec3 gi\u1eef li\u00ean l\u1ea1c v\u00e0 cung c\u1ea5p d\u1ecbch v\u1ee5 c\u1ee7a ch\u00fang t\u00f4i cho Qu\u00fd v\u1ecb. Ch\u00fang t\u00f4i c\u0169ng c\u00f3 th\u1ec3 s\u1eed d\u1ee5ng th\u00f4ng tin c\u1ee7a Qu\u00fd v\u1ecb \u0111\u1ec3 cung c\u1ea5p ho\u1eb7c cung c\u1ea5p cho Qu\u00fd v\u1ecb c\u00e1c s\u1ea3n ph\u1ea9m ho\u1eb7c d\u1ecbch v\u1ee5 b\u1ed5 sung ho\u1eb7c y\u00eau c\u1ea7u ph\u1ea3n h\u1ed3i c\u1ee7a Qu\u00fd v\u1ecb. Ch\u00fang t\u00f4i kh\u00f4ng th\u1ec3 h\u1ed7 tr\u1ee3 Qu\u00fd v\u1ecb n\u1ebfu ch\u00fang t\u00f4i kh\u00f4ng c\u00f3 th\u00f4ng tin li\u00ean h\u1ec7 hi\u1ec7n t\u1ea1i c\u1ee7a Qu\u00fd v\u1ecb. Ch\u00fang t\u00f4i c\u00f3 th\u1ec3 c\u1ea7n ti\u1ebft l\u1ed9 th\u00f4ng tin c\u1ee7a Qu\u00fd v\u1ecb cho c\u00e1c c\u1ed9ng s\u1ef1, \u0111\u1ed1i t\u00e1c v\u00e0 nh\u00e0 cung c\u1ea5p d\u1ecbch v\u1ee5 c\u1ee7a ch\u00fang t\u00f4i, nh\u1eefng ng\u01b0\u1eddi c\u00f3 th\u1ec3 \u1edf n\u01b0\u1edbc ngo\u00e0i. Ch\u00ednh s\u00e1ch B\u1ea3o m\u1eadt c\u1ee7a ch\u00fang t\u00f4i ch\u1ee9a th\u00f4ng tin v\u1ec1 c\u00e1ch Qu\u00fd v\u1ecb c\u00f3 th\u1ec3 truy c\u1eadp th\u00f4ng tin c\u00e1 nh\u00e2n c\u1ee7a m\u00ecnh v\u00e0 y\u00eau c\u1ea7u ch\u1ec9nh s\u1eeda ho\u1eb7c khi\u1ebfu n\u1ea1i n\u1ebfu Qu\u00fd v\u1ecb kh\u00f4ng h\u00e0i l\u00f2ng v\u1edbi c\u00e1ch ch\u00fang t\u00f4i x\u1eed l\u00fd th\u00f4ng tin c\u00e1 nh\u00e2n c\u1ee7a Qu\u00fd v\u1ecb .<\/p>\t\t\t\t\t\t<\/div>\n\t\t\t\t<\/div>\n\t\t\t\t\t<\/div>\n\t\t<\/div>\n\t\t\t\t\t<\/div>\n\t\t<\/section>\n\t\t\t\t<\/div>","protected":false},"excerpt":{"rendered":"<p>MI\u1ec4N TR\u1eea TR\u00c1CH NHI\u1ec6M Facebook v\u00e0 c\u00e1c k\u00eanh x\u00e3 h\u1ed9i kh\u00e1c v\u00e0 c\u00e1c ho\u1ea1t \u0111\u1ed9ng thu th\u1eadp d\u1eef li\u1ec7u kh\u00e1c. Th\u00f4ng tin li\u00ean h\u1ec7 c\u1ee7a Qu\u00fd v\u1ecb s\u1ebd \u0111\u01b0\u1ee3c Flexi &#8230;<\/p>","protected":false},"author":1,"featured_media":0,"parent":0,"menu_order":0,"comment_status":"closed","ping_status":"closed","template":"elementor_header_footer","meta":{"footnotes":""},"class_list":["post-3123","page","type-page","status-publish","hentry"],"yoast_head":"<!-- This site is optimized with the Yoast SEO plugin v23.6 - https:\/\/yoast.com\/wordpress\/plugins\/seo\/ -->\n<title>Disclaimer - Flexi Mortgage<\/title>\n<meta name=\"description\" content=\"Disclaimer\" \/>\n<meta name=\"robots\" content=\"index, follow, max-snippet:-1, max-image-preview:large, max-video-preview:-1\" \/>\n<link rel=\"canonical\" href=\"https:\/\/fleximortgage.com.au\/en\/disclaimer\/\" \/>\n<meta property=\"og:locale\" content=\"en_US\" \/>\n<meta property=\"og:type\" content=\"article\" \/>\n<meta property=\"og:title\" content=\"Disclaimer - Flexi Mortgage\" \/>\n<meta property=\"og:description\" content=\"Disclaimer\" \/>\n<meta property=\"og:url\" content=\"https:\/\/fleximortgage.com.au\/en\/disclaimer\/\" \/>\n<meta property=\"og:site_name\" content=\"Flexi Mortgage\" \/>\n<meta property=\"article:publisher\" content=\"https:\/\/www.facebook.com\/FlexiMortgage\" \/>\n<meta property=\"article:modified_time\" content=\"2020-11-07T04:56:27+00:00\" \/>\n<meta property=\"og:image\" content=\"https:\/\/fleximortgage.com.au\/wp-content\/uploads\/2020\/09\/Logo-02.png\" \/>\n\t<meta property=\"og:image:width\" content=\"1361\" \/>\n\t<meta property=\"og:image:height\" content=\"830\" \/>\n\t<meta property=\"og:image:type\" content=\"image\/png\" \/>\n<meta name=\"twitter:card\" content=\"summary_large_image\" \/>\n<meta name=\"twitter:site\" content=\"@MortgageFlexi\" \/>\n<meta name=\"twitter:label1\" content=\"Est. reading time\" \/>\n\t<meta name=\"twitter:data1\" content=\"2 minutes\" \/>\n<script type=\"application\/ld+json\" class=\"yoast-schema-graph\">{\"@context\":\"https:\/\/schema.org\",\"@graph\":[{\"@type\":\"WebPage\",\"@id\":\"https:\/\/fleximortgage.com.au\/disclaimer\/\",\"url\":\"https:\/\/fleximortgage.com.au\/disclaimer\/\",\"name\":\"Disclaimer - Flexi Mortgage\",\"isPartOf\":{\"@id\":\"https:\/\/fleximortgage.com.au\/#website\"},\"datePublished\":\"2020-10-26T03:30:35+00:00\",\"dateModified\":\"2020-11-07T04:56:27+00:00\",\"description\":\"Disclaimer\",\"breadcrumb\":{\"@id\":\"https:\/\/fleximortgage.com.au\/disclaimer\/#breadcrumb\"},\"inLanguage\":\"en-AU\",\"potentialAction\":[{\"@type\":\"ReadAction\",\"target\":[\"https:\/\/fleximortgage.com.au\/disclaimer\/\"]}]},{\"@type\":\"BreadcrumbList\",\"@id\":\"https:\/\/fleximortgage.com.au\/disclaimer\/#breadcrumb\",\"itemListElement\":[{\"@type\":\"ListItem\",\"position\":1,\"name\":\"Home\",\"item\":\"https:\/\/fleximortgage.com.au\/\"},{\"@type\":\"ListItem\",\"position\":2,\"name\":\"Disclaimer\"}]},{\"@type\":\"WebSite\",\"@id\":\"https:\/\/fleximortgage.com.au\/#website\",\"url\":\"https:\/\/fleximortgage.com.au\/\",\"name\":\"Flexi Mortgage\",\"description\":\"Flexi options - Flexi solutions\",\"publisher\":{\"@id\":\"https:\/\/fleximortgage.com.au\/#organization\"},\"potentialAction\":[{\"@type\":\"SearchAction\",\"target\":{\"@type\":\"EntryPoint\",\"urlTemplate\":\"https:\/\/fleximortgage.com.au\/?s={search_term_string}\"},\"query-input\":{\"@type\":\"PropertyValueSpecification\",\"valueRequired\":true,\"valueName\":\"search_term_string\"}}],\"inLanguage\":\"en-AU\"},{\"@type\":\"Organization\",\"@id\":\"https:\/\/fleximortgage.com.au\/#organization\",\"name\":\"Flexi Mortgage\",\"url\":\"https:\/\/fleximortgage.com.au\/\",\"logo\":{\"@type\":\"ImageObject\",\"inLanguage\":\"en-AU\",\"@id\":\"https:\/\/fleximortgage.com.au\/#\/schema\/logo\/image\/\",\"url\":\"https:\/\/fleximortgage.com.au\/wp-content\/uploads\/2020\/09\/Logo-02.png\",\"contentUrl\":\"https:\/\/fleximortgage.com.au\/wp-content\/uploads\/2020\/09\/Logo-02.png\",\"width\":1361,\"height\":830,\"caption\":\"Flexi Mortgage\"},\"image\":{\"@id\":\"https:\/\/fleximortgage.com.au\/#\/schema\/logo\/image\/\"},\"sameAs\":[\"https:\/\/www.facebook.com\/FlexiMortgage\",\"https:\/\/x.com\/MortgageFlexi\",\"https:\/\/www.linkedin.com\/company\/flexi-mortgage\/\",\"https:\/\/www.youtube.com\/channel\/UCkz7FQm7CACp9sDWhSnIxUg\/featured\"]}]}<\/script>\n<!-- \/ Yoast SEO plugin. -->","yoast_head_json":{"title":"Disclaimer - Flexi Mortgage","description":"Disclaimer","robots":{"index":"index","follow":"follow","max-snippet":"max-snippet:-1","max-image-preview":"max-image-preview:large","max-video-preview":"max-video-preview:-1"},"canonical":"https:\/\/fleximortgage.com.au\/en\/disclaimer\/","og_locale":"en_US","og_type":"article","og_title":"Disclaimer - Flexi Mortgage","og_description":"Disclaimer","og_url":"https:\/\/fleximortgage.com.au\/en\/disclaimer\/","og_site_name":"Flexi Mortgage","article_publisher":"https:\/\/www.facebook.com\/FlexiMortgage","article_modified_time":"2020-11-07T04:56:27+00:00","og_image":[{"width":1361,"height":830,"url":"https:\/\/fleximortgage.com.au\/wp-content\/uploads\/2020\/09\/Logo-02.png","type":"image\/png"}],"twitter_card":"summary_large_image","twitter_site":"@MortgageFlexi","twitter_misc":{"Est. reading time":"2 minutes"},"schema":{"@context":"https:\/\/schema.org","@graph":[{"@type":"WebPage","@id":"https:\/\/fleximortgage.com.au\/disclaimer\/","url":"https:\/\/fleximortgage.com.au\/disclaimer\/","name":"Disclaimer - Flexi Mortgage","isPartOf":{"@id":"https:\/\/fleximortgage.com.au\/#website"},"datePublished":"2020-10-26T03:30:35+00:00","dateModified":"2020-11-07T04:56:27+00:00","description":"Disclaimer","breadcrumb":{"@id":"https:\/\/fleximortgage.com.au\/disclaimer\/#breadcrumb"},"inLanguage":"en-AU","potentialAction":[{"@type":"ReadAction","target":["https:\/\/fleximortgage.com.au\/disclaimer\/"]}]},{"@type":"BreadcrumbList","@id":"https:\/\/fleximortgage.com.au\/disclaimer\/#breadcrumb","itemListElement":[{"@type":"ListItem","position":1,"name":"Home","item":"https:\/\/fleximortgage.com.au\/"},{"@type":"ListItem","position":2,"name":"Disclaimer"}]},{"@type":"WebSite","@id":"https:\/\/fleximortgage.com.au\/#website","url":"https:\/\/fleximortgage.com.au\/","name":"Flexi Mortgage","description":"Flexi options - Flexi solutions","publisher":{"@id":"https:\/\/fleximortgage.com.au\/#organization"},"potentialAction":[{"@type":"SearchAction","target":{"@type":"EntryPoint","urlTemplate":"https:\/\/fleximortgage.com.au\/?s={search_term_string}"},"query-input":{"@type":"PropertyValueSpecification","valueRequired":true,"valueName":"search_term_string"}}],"inLanguage":"en-AU"},{"@type":"Organization","@id":"https:\/\/fleximortgage.com.au\/#organization","name":"Flexi Mortgage","url":"https:\/\/fleximortgage.com.au\/","logo":{"@type":"ImageObject","inLanguage":"en-AU","@id":"https:\/\/fleximortgage.com.au\/#\/schema\/logo\/image\/","url":"https:\/\/fleximortgage.com.au\/wp-content\/uploads\/2020\/09\/Logo-02.png","contentUrl":"https:\/\/fleximortgage.com.au\/wp-content\/uploads\/2020\/09\/Logo-02.png","width":1361,"height":830,"caption":"Flexi Mortgage"},"image":{"@id":"https:\/\/fleximortgage.com.au\/#\/schema\/logo\/image\/"},"sameAs":["https:\/\/www.facebook.com\/FlexiMortgage","https:\/\/x.com\/MortgageFlexi","https:\/\/www.linkedin.com\/company\/flexi-mortgage\/","https:\/\/www.youtube.com\/channel\/UCkz7FQm7CACp9sDWhSnIxUg\/featured"]}]}},"_links":{"self":[{"href":"https:\/\/fleximortgage.com.au\/en\/wp-json\/wp\/v2\/pages\/3123"}],"collection":[{"href":"https:\/\/fleximortgage.com.au\/en\/wp-json\/wp\/v2\/pages"}],"about":[{"href":"https:\/\/fleximortgage.com.au\/en\/wp-json\/wp\/v2\/types\/page"}],"author":[{"embeddable":true,"href":"https:\/\/fleximortgage.com.au\/en\/wp-json\/wp\/v2\/users\/1"}],"replies":[{"embeddable":true,"href":"https:\/\/fleximortgage.com.au\/en\/wp-json\/wp\/v2\/comments?post=3123"}],"version-history":[{"count":0,"href":"https:\/\/fleximortgage.com.au\/en\/wp-json\/wp\/v2\/pages\/3123\/revisions"}],"wp:attachment":[{"href":"https:\/\/fleximortgage.com.au\/en\/wp-json\/wp\/v2\/media?parent=3123"}],"curies":[{"name":"wp","href":"https:\/\/api.w.org\/{rel}","templated":true}]}}