{"id":3,"date":"2020-07-08T03:18:42","date_gmt":"2020-07-08T03:18:42","guid":{"rendered":"https:\/\/box5578\/cgi\/addon_GT.cgi?s=GT::WP::Install::EIG+%28dntbijmy%29+-+10.0.87.65+%5BWordPress%3b+\/var\/hp\/common\/lib\/WordPress.pm%3b+295%3b+Hosting::gap_call%5D\/?page_id=3"},"modified":"2020-10-28T05:37:01","modified_gmt":"2020-10-28T05:37:01","slug":"bao-mat-dieu-khoan","status":"publish","type":"page","link":"https:\/\/fleximortgage.com.au\/en\/bao-mat-dieu-khoan\/","title":{"rendered":"B\u1ea3o m\u1eadt &#038; \u0111i\u1ec1u kho\u1ea3n"},"content":{"rendered":"<div data-elementor-type=\"wp-page\" data-elementor-id=\"3\" class=\"elementor elementor-3\" data-elementor-post-type=\"page\">\n\t\t\t\t\t\t<section class=\"elementor-section elementor-top-section elementor-element elementor-element-77a4e39c elementor-section-boxed elementor-section-height-default elementor-section-height-default\" data-id=\"77a4e39c\" data-element_type=\"section\">\n\t\t\t\t\t\t<div class=\"elementor-container elementor-column-gap-default\">\n\t\t\t\t\t<div class=\"elementor-column elementor-col-100 elementor-top-column elementor-element elementor-element-3b0fc49d\" data-id=\"3b0fc49d\" data-element_type=\"column\">\n\t\t\t<div class=\"elementor-widget-wrap elementor-element-populated\">\n\t\t\t\t\t\t<div class=\"elementor-element elementor-element-4c479fd elementor-widget elementor-widget-heading\" data-id=\"4c479fd\" data-element_type=\"widget\" data-widget_type=\"heading.default\">\n\t\t\t\t<div class=\"elementor-widget-container\">\n\t\t\t<h2 class=\"elementor-heading-title elementor-size-default\">\u0110I\u1ec0U KHO\u1ea2N &amp; B\u1ea2O M\u1eacT<\/h2>\t\t<\/div>\n\t\t\t\t<\/div>\n\t\t\t\t<div class=\"elementor-element elementor-element-19f5940 elementor-widget elementor-widget-heading\" data-id=\"19f5940\" data-element_type=\"widget\" data-widget_type=\"heading.default\">\n\t\t\t\t<div class=\"elementor-widget-container\">\n\t\t\t<h3 class=\"elementor-heading-title elementor-size-default\">Flexi Mortgage<\/h3>\t\t<\/div>\n\t\t\t\t<\/div>\n\t\t\t\t<div class=\"elementor-element elementor-element-3b314a74 elementor-widget elementor-widget-text-editor\" data-id=\"3b314a74\" data-element_type=\"widget\" data-widget_type=\"text-editor.default\">\n\t\t\t\t<div class=\"elementor-widget-container\">\n\t\t\t\t\t\t\t<p dir=\"ltr\" style=\"box-sizing: inherit; margin-top: 0pt; margin-bottom: 0pt; color: #292e2f; font-family: 'Nunito Sans', serif; font-size: 16px; line-height: 1.2; padding: 0pt 0pt 15pt;\"><span style=\"background-color: transparent; color: #000000; font-family: Arial; font-size: 10pt; white-space: pre-wrap; text-align: justify;\">Tr\u00e2n tr\u1ecdng c\u1ea3m \u01a1n Qu\u00fd kh\u00e1ch \u0111\u00e3 truy c\u1eadp v\u00e0o website c\u1ee7a Flexi Mortgage. Th\u00f4ng qua website n\u00e0y, Flexi Mortgage mong r\u1eb1ng qu\u00fd kh\u00e1ch s\u1ebd ti\u1ebfp c\u1eadn \u0111\u01b0\u1ee3c \u0111\u1ea7y \u0111\u1ee7 nh\u1eefng th\u00f4ng tin v\u1ec1 c\u00e1c s\u1ea3n ph\u1ea9m, d\u1ecbch v\u1ee5, ch\u01b0\u01a1ng tr\u00ecnh v\u00e0 ho\u1ea1t \u0111\u1ed9ng c\u1ee7a Flexi Mortgage. B\u00ean c\u1ea1nh \u0111\u00f3, Flexi Mortgage c\u0169ng s\u1ebd thu th\u1eadp m\u1ed9t s\u1ed1 th\u00f4ng tin v\u1ec1 Qu\u00fd kh\u00e1ch \u0111\u1ec3 ph\u1ee5c v\u1ee5 cho vi\u1ec7c qu\u1ea3n l\u00fd v\u00e0 \u0111i\u1ec1u h\u00e0nh website tr\u00ean c\u01a1 s\u1edf quy \u0111\u1ecbnh c\u1ee7a ph\u00e1p lu\u1eadt. <\/span><span style=\"background-color: transparent; color: #000000; font-family: Arial; font-size: 10pt; white-space: pre-wrap;\">\u00a0<\/span><\/p><h1 style=\"box-sizing: inherit; margin-top: 0pt; margin-bottom: 0pt; color: #292e2f; font-family: 'Nunito Sans', serif; font-size: 16px; line-height: 1.2; padding: 0pt 0pt 15pt;\"><span style=\"background-color: transparent; color: #000000; font-family: Arial; font-size: 10pt; white-space: pre-wrap;\"><b>1. Nguy\u00ean t\u1eafc b\u1ea3o m\u1eadt<\/b><\/span><\/h1><ul style=\"box-sizing: inherit; margin-bottom: 1rem; color: #292e2f; font-family: 'Nunito Sans', serif; font-size: 16px;\"><li dir=\"ltr\" style=\"box-sizing: inherit; line-height: 1.2; text-align: justify; margin-top: 0pt; margin-bottom: 0pt; padding: 0pt 0pt 3.75pt;\"><span style=\"box-sizing: inherit; font-size: 10pt; background-color: transparent; font-variant-numeric: normal; font-variant-east-asian: normal; vertical-align: baseline; white-space: pre-wrap; font-family: Arial; color: #000000;\">Flexi Mortgage \u0111\u1ea3m b\u1ea3o r\u1eb1ng c\u00e1c th\u00f4ng tin c\u00e1 nh\u00e2n c\u1ee7a Qu\u00fd kh\u00e1ch s\u1ebd \u0111\u01b0\u1ee3c l\u01b0u tr\u1eef v\u00e0 b\u1ea3o m\u1eadt theo c\u00e1c quy \u0111\u1ecbnh c\u1ee7a ph\u00e1p lu\u1eadt.<\/span><\/li><li dir=\"ltr\" style=\"box-sizing: inherit; line-height: 1.2; text-align: justify; margin-top: 0pt; margin-bottom: 0pt; padding: 0pt 0pt 3.75pt;\"><span style=\"box-sizing: inherit; font-size: 10pt; background-color: transparent; font-variant-numeric: normal; font-variant-east-asian: normal; vertical-align: baseline; white-space: pre-wrap; font-family: Arial; color: #000000;\">Nh\u1eefng th\u00f4ng tin Flexi Mortgage y\u00eau c\u1ea7u Qu\u00fd kh\u00e1ch cung c\u1ea5p ch\u1ec9 \u0111\u1ec3 hi\u1ec3u r\u00f5 h\u01a1n nhu c\u1ea7u v\u00e0 cung c\u1ea5p c\u00e1c s\u1ea3n ph\u1ea9m, d\u1ecbch v\u1ee5 ph\u00f9 h\u1ee3p v\u1edbi y\u00eau c\u1ea7u c\u1ee7a Qu\u00fd kh\u00e1ch.<\/span><\/li><li dir=\"ltr\" style=\"box-sizing: inherit; line-height: 1.2; text-align: justify; margin-top: 0pt; margin-bottom: 0pt; padding: 0pt 0pt 3.75pt;\"><span style=\"box-sizing: inherit; font-size: 10pt; background-color: transparent; font-variant-numeric: normal; font-variant-east-asian: normal; vertical-align: baseline; white-space: pre-wrap; font-family: Arial; color: #000000;\">Flexi Mortgage s\u1eed d\u1ee5ng th\u00f4ng tin c\u1ee7a Qu\u00fd kh\u00e1ch cho c\u00e1c m\u1ee5c \u0111\u00edch qu\u1ea3n tr\u1ecb, l\u1eadp c\u00e1c th\u1ed1ng k\u00ea v\u1ec1 t\u00ecnh h\u00ecnh s\u1eed d\u1ee5ng website. Qua \u0111\u00f3, Flexi Mortgage s\u1ebd c\u00f3 nh\u1eefng \u0111i\u1ec1u ch\u1ec9nh c\u1ea7n thi\u1ebft \u0111\u1ec3 t\u0103ng hi\u1ec7u qu\u1ea3 v\u00e0 n\u0103ng l\u1ef1c ph\u1ee5c v\u1ee5 c\u1ee7a Flexi Mortgage th\u00f4ng qua website n\u00e0y.<\/span><\/li><li dir=\"ltr\" style=\"box-sizing: inherit; line-height: 1.2; text-align: justify; margin-top: 0pt; margin-bottom: 0pt; padding: 0pt 0pt 3.75pt;\"><span style=\"box-sizing: inherit; font-size: 10pt; background-color: transparent; font-variant-numeric: normal; font-variant-east-asian: normal; vertical-align: baseline; white-space: pre-wrap; font-family: Arial; color: #000000;\">Flexi Mortgage c\u00f3 th\u1ec3 chuy\u1ec3n th\u00f4ng tin c\u00e1 nh\u00e2n c\u1ee7a Qu\u00fd kh\u00e1ch \u0111\u1ebfn c\u00e1c \u0111\u01a1n v\u1ecb thu\u1ed9c Flexi Group Holdings ho\u1eb7c c\u00e1c \u0111\u1ea1i l\u00fd c\u1ee7a ch\u00fang t\u00f4i trong ph\u1ea1m vi \u0111\u01b0\u1ee3c ph\u00e1p lu\u1eadt cho ph\u00e9p.<\/span><\/li><li dir=\"ltr\" style=\"box-sizing: inherit; line-height: 1.2; text-align: justify; margin-top: 0pt; margin-bottom: 3.75pt;\"><span style=\"box-sizing: inherit; font-size: 10pt; background-color: transparent; font-variant-numeric: normal; font-variant-east-asian: normal; vertical-align: baseline; white-space: pre-wrap; font-family: Arial; color: #000000;\">T\u1ea5t c\u1ea3 c\u00e1c \u0111\u01a1n v\u1ecb thu\u1ed9c Flexi Group Holdings, c\u00e1c nh\u00e2n vi\u00ean c\u1ee7a ch\u00fang t\u00f4i v\u00e0 t\u1ea5t c\u1ea3 c\u00e1c b\u00ean th\u1ee9 ba \u0111\u01b0\u1ee3c ph\u00e9p truy c\u1eadp th\u00f4ng tin c\u1ee7a Qu\u00fd kh\u00e1ch \u0111\u01b0\u1ee3c y\u00eau c\u1ea7u ph\u1ea3i tu\u00e2n th\u1ee7 c\u00e1c ngh\u0129a v\u1ee5 b\u1ea3o m\u1eadt c\u1ee7a ch\u00fang t\u00f4i.<\/span><\/li><\/ul><div style=\"text-align: justify;\"><span style=\"color: #000000; font-family: Arial;\"><span style=\"font-size: 13.3333px; white-space: pre-wrap;\"><b>2. Ph\u01b0\u01a1ng th\u1ee9c b\u1ea3o m\u1eadt<\/b><\/span><\/span><\/div><ul style=\"box-sizing: inherit; margin-bottom: 1rem; color: #292e2f; font-family: 'Nunito Sans', serif; font-size: 16px;\"><li dir=\"ltr\" style=\"box-sizing: inherit; line-height: 1.2; text-align: justify; margin-top: 0pt; margin-bottom: 0pt; padding: 0pt 0pt 3.75pt;\"><span style=\"box-sizing: inherit; font-size: 10pt; background-color: transparent; font-variant-numeric: normal; font-variant-east-asian: normal; vertical-align: baseline; white-space: pre-wrap; font-family: Arial; color: #000000;\">T\u1ea5t c\u1ea3 th\u00f4ng tin c\u1ee7a Qu\u00fd kh\u00e1ch g\u1eedi t\u1edbi Flexi Mortgage th\u00f4ng qua trang web \u0111\u01b0\u1ee3c b\u1ea3o v\u1ec7 b\u1edfi c\u00f4ng ngh\u1ec7 m\u00e3 h\u00f3a \u0111\u1ec3 \u0111\u1ea3m b\u1ea3o c\u00e1c th\u00f4ng tin c\u1ee7a kh\u00e1ch h\u00e0ng \u0111\u01b0\u1ee3c b\u1ea3o v\u1ec7 t\u1ed1i \u0111a tr\u00ean \u0111\u01b0\u1eddng truy\u1ec1n.<\/span><\/li><li dir=\"ltr\" style=\"box-sizing: inherit; line-height: 1.2; text-align: justify; margin-top: 0pt; margin-bottom: 3.75pt;\"><span style=\"box-sizing: inherit; font-size: 10pt; background-color: transparent; font-variant-numeric: normal; font-variant-east-asian: normal; vertical-align: baseline; white-space: pre-wrap; font-family: Arial; color: #000000;\">Flexi Mortgage s\u1ebd th\u1ef1c hi\u1ec7n t\u1ea5t c\u1ea3 c\u00e1c ph\u01b0\u01a1ng th\u1ee9c h\u1ee3p l\u00fd nh\u1ea5t \u0111\u1ec3 b\u1ea3o \u0111\u1ea3m b\u1ea3o v\u1ec7 an to\u00e0n th\u00f4ng tin c\u00e1 nh\u00e2n c\u1ee7a Qu\u00fd kh\u00e1ch v\u00e0 lu\u00f4n tu\u00e2n th\u1ee7 c\u00e1c quy \u0111\u1ecbnh c\u1ee7a ph\u00e1p lu\u1eadt Australia li\u00ean quan \u0111\u1ebfn vi\u1ec7c l\u01b0u tr\u1eef v\u00e0 s\u1eed d\u1ee5ng th\u00f4ng tin. <\/span><\/li><\/ul><div style=\"text-align: justify;\"><span style=\"color: #000000; font-family: Arial;\"><span style=\"font-size: 13.3333px; white-space: pre-wrap;\"><b>3. B\u1ea3n quy\u1ec1n v\u00e0 th\u01b0\u01a1ng hi\u1ec7u<\/b><\/span><\/span><\/div><ul style=\"box-sizing: inherit; margin-bottom: 1rem; color: #292e2f; font-family: 'Nunito Sans', serif; font-size: 16px;\"><li dir=\"ltr\" style=\"box-sizing: inherit; line-height: 1.2; text-align: justify; margin-top: 0pt; margin-bottom: 3.75pt;\"><span style=\"box-sizing: inherit; font-size: 10pt; background-color: transparent; font-variant-numeric: normal; font-variant-east-asian: normal; vertical-align: baseline; white-space: pre-wrap; font-family: Arial; color: #000000;\">Flexi Mortgage l\u00e0 ch\u1ee7 s\u1edf h\u1eefu c\u1ee7a c\u00e1c th\u01b0\u01a1ng hi\u1ec7u, bi\u1ec3u t\u01b0\u1ee3ng v\u00e0 c\u00e1c nh\u00e3n m\u00e1c s\u1ea3n ph\u1ea9m\/d\u1ecbch v\u1ee5 \u0111\u0103ng t\u1ea3i tr\u00ean trang Web n\u00e0y. Nh\u1eefng ng\u01b0\u1eddi truy c\u1eadp v\u00e0o trang Web n\u00e0y kh\u00f4ng \u0111\u01b0\u1ee3c ph\u00e9p s\u1eed d\u1ee5ng c\u00e1c t\u00e0i s\u1ea3n n\u00eau tr\u00ean n\u1ebfu kh\u00f4ng \u0111\u01b0\u1ee3c s\u1ef1 cho ph\u00e9p tr\u01b0\u1edbc c\u1ee7a Flexi Mortgage b\u1eb1ng v\u0103n b\u1ea3n.<\/span><\/li><\/ul><div style=\"text-align: justify;\"><span style=\"color: #000000; font-family: Arial;\"><span style=\"font-size: 13.3333px; white-space: pre-wrap;\"><b>4. Cam k\u1ebft v\u00e0 b\u1ea3o m\u1eadt<\/b><\/span><\/span><\/div><ul style=\"box-sizing: inherit; margin-bottom: 1rem; color: #292e2f; font-family: 'Nunito Sans', serif; font-size: 16px;\"><li dir=\"ltr\" style=\"box-sizing: inherit; line-height: 1.2; text-align: justify; margin-top: 0pt; margin-bottom: 0pt;\"><span style=\"box-sizing: inherit; font-size: 10pt; background-color: transparent; font-variant-numeric: normal; font-variant-east-asian: normal; vertical-align: baseline; white-space: pre-wrap; font-family: Arial; color: #000000;\">Flexi Mortgage cam k\u1ebft \u0111\u1ea3m b\u1ea3o vi\u1ec7c b\u1ea3o m\u1eadt th\u00f4ng tin c\u1ee7a qu\u00fd kh\u00e1ch trong ph\u1ea1m vi qu\u1ea3n l\u00fd c\u1ee7a Flexi Mortgage. C\u00e1c th\u00f4ng tin c\u00e1 nh\u00e2n c\u1ee7a Qu\u00fd kh\u00e1ch s\u1ebd \u0111\u01b0\u1ee3c l\u01b0u tr\u1eef v\u00e0 b\u1ea3o m\u1eadt theo c\u00e1c quy \u0111\u1ecbnh c\u1ee7a ph\u00e1p lu\u1eadt li\u00ean quan \u0111\u1ebfn vi\u1ec7c l\u01b0u tr\u1eef th\u00f4ng tin nh\u1eadn d\u1ea1ng c\u00e1 nh\u00e2n. M\u1ecdi th\u00f4ng tin c\u00e1 nh\u00e2n c\u1ee7a Qu\u00fd kh\u00e1ch \u0111\u01b0\u1ee3c Flexi Mortgage b\u1ea3o v\u1ec7, tr\u00e1nh m\u1ecdi ho\u1ea1t \u0111\u1ed9ng truy c\u1eadp tr\u00e1i ph\u00e9p t\u1eeb b\u1ea5t k\u1ef3 b\u00ean th\u1ee9 ba n\u00e0o. M\u1ecdi th\u00f4ng tin chi ti\u1ebft, Qu\u00fd kh\u00e1ch vui l\u00f2ng li\u00ean h\u1ec7 D\u1ecbch v\u1ee5 kh\u00e1ch h\u00e0ng c\u1ee7a Flexi Mortgage s\u1ed1\u00a0<b><a href=\"http:\/\/tel:0287731451\">02 8773 1451<\/a>.<\/b> <\/span><\/li><\/ul>\t\t\t\t\t\t<\/div>\n\t\t\t\t<\/div>\n\t\t\t\t\t<\/div>\n\t\t<\/div>\n\t\t\t\t\t<\/div>\n\t\t<\/section>\n\t\t\t\t<\/div>","protected":false},"excerpt":{"rendered":"<p>\u0110I\u1ec0U KHO\u1ea2N &amp; B\u1ea2O M\u1eacT Flexi Mortgage Tr\u00e2n tr\u1ecdng c\u1ea3m \u01a1n Qu\u00fd kh\u00e1ch \u0111\u00e3 truy c\u1eadp v\u00e0o website c\u1ee7a Flexi Mortgage. Th\u00f4ng qua website n\u00e0y, Flexi Mortgage mong r\u1eb1ng qu\u00fd &#8230;<\/p>","protected":false},"author":1,"featured_media":0,"parent":0,"menu_order":0,"comment_status":"closed","ping_status":"closed","template":"elementor_header_footer","meta":{"footnotes":""},"class_list":["post-3","page","type-page","status-publish","hentry"],"yoast_head":"<!-- This site is optimized with the Yoast SEO plugin v23.6 - https:\/\/yoast.com\/wordpress\/plugins\/seo\/ -->\n<title>B\u1ea3o m\u1eadt &amp; \u0111i\u1ec1u kho\u1ea3n - Flexi Mortgage<\/title>\n<meta name=\"description\" content=\"B\u1ea3o m\u1eadt &amp; \u0111i\u1ec1u kho\u1ea3n\" \/>\n<meta name=\"robots\" content=\"index, follow, max-snippet:-1, max-image-preview:large, max-video-preview:-1\" \/>\n<link rel=\"canonical\" href=\"https:\/\/fleximortgage.com.au\/en\/bao-mat-dieu-khoan\/\" \/>\n<meta property=\"og:locale\" content=\"en_US\" \/>\n<meta property=\"og:type\" content=\"article\" \/>\n<meta property=\"og:title\" content=\"B\u1ea3o m\u1eadt &amp; \u0111i\u1ec1u kho\u1ea3n - Flexi Mortgage\" \/>\n<meta property=\"og:description\" content=\"B\u1ea3o m\u1eadt &amp; \u0111i\u1ec1u kho\u1ea3n\" \/>\n<meta property=\"og:url\" content=\"https:\/\/fleximortgage.com.au\/en\/bao-mat-dieu-khoan\/\" \/>\n<meta property=\"og:site_name\" content=\"Flexi Mortgage\" \/>\n<meta property=\"article:publisher\" content=\"https:\/\/www.facebook.com\/FlexiMortgage\" \/>\n<meta property=\"article:modified_time\" content=\"2020-10-28T05:37:01+00:00\" \/>\n<meta property=\"og:image\" content=\"https:\/\/fleximortgage.com.au\/wp-content\/uploads\/2020\/09\/Logo-02.png\" \/>\n\t<meta property=\"og:image:width\" content=\"1361\" \/>\n\t<meta property=\"og:image:height\" content=\"830\" \/>\n\t<meta property=\"og:image:type\" content=\"image\/png\" \/>\n<meta name=\"twitter:card\" content=\"summary_large_image\" \/>\n<meta name=\"twitter:site\" content=\"@MortgageFlexi\" \/>\n<meta name=\"twitter:label1\" content=\"Est. reading time\" \/>\n\t<meta name=\"twitter:data1\" content=\"4 minutes\" \/>\n<script type=\"application\/ld+json\" class=\"yoast-schema-graph\">{\"@context\":\"https:\/\/schema.org\",\"@graph\":[{\"@type\":\"WebPage\",\"@id\":\"https:\/\/fleximortgage.com.au\/bao-mat-dieu-khoan\/\",\"url\":\"https:\/\/fleximortgage.com.au\/bao-mat-dieu-khoan\/\",\"name\":\"B\u1ea3o m\u1eadt & \u0111i\u1ec1u kho\u1ea3n - Flexi Mortgage\",\"isPartOf\":{\"@id\":\"https:\/\/fleximortgage.com.au\/#website\"},\"datePublished\":\"2020-07-08T03:18:42+00:00\",\"dateModified\":\"2020-10-28T05:37:01+00:00\",\"description\":\"B\u1ea3o m\u1eadt & \u0111i\u1ec1u kho\u1ea3n\",\"breadcrumb\":{\"@id\":\"https:\/\/fleximortgage.com.au\/bao-mat-dieu-khoan\/#breadcrumb\"},\"inLanguage\":\"en-AU\",\"potentialAction\":[{\"@type\":\"ReadAction\",\"target\":[\"https:\/\/fleximortgage.com.au\/bao-mat-dieu-khoan\/\"]}]},{\"@type\":\"BreadcrumbList\",\"@id\":\"https:\/\/fleximortgage.com.au\/bao-mat-dieu-khoan\/#breadcrumb\",\"itemListElement\":[{\"@type\":\"ListItem\",\"position\":1,\"name\":\"Home\",\"item\":\"https:\/\/fleximortgage.com.au\/\"},{\"@type\":\"ListItem\",\"position\":2,\"name\":\"B\u1ea3o m\u1eadt &#038; \u0111i\u1ec1u kho\u1ea3n\"}]},{\"@type\":\"WebSite\",\"@id\":\"https:\/\/fleximortgage.com.au\/#website\",\"url\":\"https:\/\/fleximortgage.com.au\/\",\"name\":\"Flexi Mortgage\",\"description\":\"Flexi options - Flexi solutions\",\"publisher\":{\"@id\":\"https:\/\/fleximortgage.com.au\/#organization\"},\"potentialAction\":[{\"@type\":\"SearchAction\",\"target\":{\"@type\":\"EntryPoint\",\"urlTemplate\":\"https:\/\/fleximortgage.com.au\/?s={search_term_string}\"},\"query-input\":{\"@type\":\"PropertyValueSpecification\",\"valueRequired\":true,\"valueName\":\"search_term_string\"}}],\"inLanguage\":\"en-AU\"},{\"@type\":\"Organization\",\"@id\":\"https:\/\/fleximortgage.com.au\/#organization\",\"name\":\"Flexi Mortgage\",\"url\":\"https:\/\/fleximortgage.com.au\/\",\"logo\":{\"@type\":\"ImageObject\",\"inLanguage\":\"en-AU\",\"@id\":\"https:\/\/fleximortgage.com.au\/#\/schema\/logo\/image\/\",\"url\":\"https:\/\/fleximortgage.com.au\/wp-content\/uploads\/2020\/09\/Logo-02.png\",\"contentUrl\":\"https:\/\/fleximortgage.com.au\/wp-content\/uploads\/2020\/09\/Logo-02.png\",\"width\":1361,\"height\":830,\"caption\":\"Flexi Mortgage\"},\"image\":{\"@id\":\"https:\/\/fleximortgage.com.au\/#\/schema\/logo\/image\/\"},\"sameAs\":[\"https:\/\/www.facebook.com\/FlexiMortgage\",\"https:\/\/x.com\/MortgageFlexi\",\"https:\/\/www.linkedin.com\/company\/flexi-mortgage\/\",\"https:\/\/www.youtube.com\/channel\/UCkz7FQm7CACp9sDWhSnIxUg\/featured\"]}]}<\/script>\n<!-- \/ Yoast SEO plugin. -->","yoast_head_json":{"title":"B\u1ea3o m\u1eadt & \u0111i\u1ec1u kho\u1ea3n - Flexi Mortgage","description":"B\u1ea3o m\u1eadt & \u0111i\u1ec1u kho\u1ea3n","robots":{"index":"index","follow":"follow","max-snippet":"max-snippet:-1","max-image-preview":"max-image-preview:large","max-video-preview":"max-video-preview:-1"},"canonical":"https:\/\/fleximortgage.com.au\/en\/bao-mat-dieu-khoan\/","og_locale":"en_US","og_type":"article","og_title":"B\u1ea3o m\u1eadt & \u0111i\u1ec1u kho\u1ea3n - Flexi Mortgage","og_description":"B\u1ea3o m\u1eadt & \u0111i\u1ec1u kho\u1ea3n","og_url":"https:\/\/fleximortgage.com.au\/en\/bao-mat-dieu-khoan\/","og_site_name":"Flexi Mortgage","article_publisher":"https:\/\/www.facebook.com\/FlexiMortgage","article_modified_time":"2020-10-28T05:37:01+00:00","og_image":[{"width":1361,"height":830,"url":"https:\/\/fleximortgage.com.au\/wp-content\/uploads\/2020\/09\/Logo-02.png","type":"image\/png"}],"twitter_card":"summary_large_image","twitter_site":"@MortgageFlexi","twitter_misc":{"Est. reading time":"4 minutes"},"schema":{"@context":"https:\/\/schema.org","@graph":[{"@type":"WebPage","@id":"https:\/\/fleximortgage.com.au\/bao-mat-dieu-khoan\/","url":"https:\/\/fleximortgage.com.au\/bao-mat-dieu-khoan\/","name":"B\u1ea3o m\u1eadt & \u0111i\u1ec1u kho\u1ea3n - Flexi Mortgage","isPartOf":{"@id":"https:\/\/fleximortgage.com.au\/#website"},"datePublished":"2020-07-08T03:18:42+00:00","dateModified":"2020-10-28T05:37:01+00:00","description":"B\u1ea3o m\u1eadt & \u0111i\u1ec1u kho\u1ea3n","breadcrumb":{"@id":"https:\/\/fleximortgage.com.au\/bao-mat-dieu-khoan\/#breadcrumb"},"inLanguage":"en-AU","potentialAction":[{"@type":"ReadAction","target":["https:\/\/fleximortgage.com.au\/bao-mat-dieu-khoan\/"]}]},{"@type":"BreadcrumbList","@id":"https:\/\/fleximortgage.com.au\/bao-mat-dieu-khoan\/#breadcrumb","itemListElement":[{"@type":"ListItem","position":1,"name":"Home","item":"https:\/\/fleximortgage.com.au\/"},{"@type":"ListItem","position":2,"name":"B\u1ea3o m\u1eadt &#038; \u0111i\u1ec1u kho\u1ea3n"}]},{"@type":"WebSite","@id":"https:\/\/fleximortgage.com.au\/#website","url":"https:\/\/fleximortgage.com.au\/","name":"Flexi Mortgage","description":"Flexi options - Flexi solutions","publisher":{"@id":"https:\/\/fleximortgage.com.au\/#organization"},"potentialAction":[{"@type":"SearchAction","target":{"@type":"EntryPoint","urlTemplate":"https:\/\/fleximortgage.com.au\/?s={search_term_string}"},"query-input":{"@type":"PropertyValueSpecification","valueRequired":true,"valueName":"search_term_string"}}],"inLanguage":"en-AU"},{"@type":"Organization","@id":"https:\/\/fleximortgage.com.au\/#organization","name":"Flexi Mortgage","url":"https:\/\/fleximortgage.com.au\/","logo":{"@type":"ImageObject","inLanguage":"en-AU","@id":"https:\/\/fleximortgage.com.au\/#\/schema\/logo\/image\/","url":"https:\/\/fleximortgage.com.au\/wp-content\/uploads\/2020\/09\/Logo-02.png","contentUrl":"https:\/\/fleximortgage.com.au\/wp-content\/uploads\/2020\/09\/Logo-02.png","width":1361,"height":830,"caption":"Flexi Mortgage"},"image":{"@id":"https:\/\/fleximortgage.com.au\/#\/schema\/logo\/image\/"},"sameAs":["https:\/\/www.facebook.com\/FlexiMortgage","https:\/\/x.com\/MortgageFlexi","https:\/\/www.linkedin.com\/company\/flexi-mortgage\/","https:\/\/www.youtube.com\/channel\/UCkz7FQm7CACp9sDWhSnIxUg\/featured"]}]}},"_links":{"self":[{"href":"https:\/\/fleximortgage.com.au\/en\/wp-json\/wp\/v2\/pages\/3"}],"collection":[{"href":"https:\/\/fleximortgage.com.au\/en\/wp-json\/wp\/v2\/pages"}],"about":[{"href":"https:\/\/fleximortgage.com.au\/en\/wp-json\/wp\/v2\/types\/page"}],"author":[{"embeddable":true,"href":"https:\/\/fleximortgage.com.au\/en\/wp-json\/wp\/v2\/users\/1"}],"replies":[{"embeddable":true,"href":"https:\/\/fleximortgage.com.au\/en\/wp-json\/wp\/v2\/comments?post=3"}],"version-history":[{"count":0,"href":"https:\/\/fleximortgage.com.au\/en\/wp-json\/wp\/v2\/pages\/3\/revisions"}],"wp:attachment":[{"href":"https:\/\/fleximortgage.com.au\/en\/wp-json\/wp\/v2\/media?parent=3"}],"curies":[{"name":"wp","href":"https:\/\/api.w.org\/{rel}","templated":true}]}}