{"id":2824,"date":"2020-10-08T11:49:31","date_gmt":"2020-10-08T11:49:31","guid":{"rendered":"https:\/\/fleximortgage.com.au\/?page_id=2824"},"modified":"2021-06-09T13:59:20","modified_gmt":"2021-06-09T03:59:20","slug":"borrowing-power-calculator-vay-mua-nha-danh-cho-nguoi-viet-tai-uc","status":"publish","type":"page","link":"https:\/\/fleximortgage.com.au\/en\/borrowing-power-calculator-vay-mua-nha-danh-cho-nguoi-viet-tai-uc\/","title":{"rendered":"Borrowing power"},"content":{"rendered":"<div data-elementor-type=\"wp-page\" data-elementor-id=\"2824\" class=\"elementor elementor-2824\" data-elementor-post-type=\"page\">\n\t\t\t\t\t\t<section class=\"elementor-section elementor-top-section elementor-element elementor-element-e5ba0f6 elementor-section-boxed elementor-section-height-default elementor-section-height-default\" data-id=\"e5ba0f6\" data-element_type=\"section\">\n\t\t\t\t\t\t<div class=\"elementor-container elementor-column-gap-default\">\n\t\t\t\t\t<div class=\"elementor-column elementor-col-33 elementor-top-column elementor-element elementor-element-f300dbf\" data-id=\"f300dbf\" data-element_type=\"column\">\n\t\t\t<div class=\"elementor-widget-wrap\">\n\t\t\t\t\t\t\t<\/div>\n\t\t<\/div>\n\t\t\t\t<div class=\"elementor-column elementor-col-33 elementor-top-column elementor-element elementor-element-28c8a47\" data-id=\"28c8a47\" data-element_type=\"column\" data-settings=\"{&quot;background_background&quot;:&quot;classic&quot;}\">\n\t\t\t<div class=\"elementor-widget-wrap elementor-element-populated\">\n\t\t\t\t\t\t<div class=\"elementor-element elementor-element-5ddb411 elementor-widget elementor-widget-heading\" data-id=\"5ddb411\" data-element_type=\"widget\" data-widget_type=\"heading.default\">\n\t\t\t\t<div class=\"elementor-widget-container\">\n\t\t\t<h1 class=\"elementor-heading-title elementor-size-default\">BORROWING POWER CALCULATOR<\/h1>\t\t<\/div>\n\t\t\t\t<\/div>\n\t\t\t\t<div class=\"elementor-element elementor-element-cc9076f elementor-widget elementor-widget-text-editor\" data-id=\"cc9076f\" data-element_type=\"widget\" data-widget_type=\"text-editor.default\">\n\t\t\t\t<div class=\"elementor-widget-container\">\n\t\t\t\t\t\t\t<p>Borrowing Power Calculator \u2013 Calculate your borrowing capacity based on your financial situation, income, expenses.<\/p>\t\t\t\t\t\t<\/div>\n\t\t\t\t<\/div>\n\t\t\t\t<div class=\"elementor-element elementor-element-db4c50b elementor-widget elementor-widget-heading\" data-id=\"db4c50b\" data-element_type=\"widget\" data-widget_type=\"heading.default\">\n\t\t\t\t<div class=\"elementor-widget-container\">\n\t\t\t<h2 class=\"elementor-heading-title elementor-size-default\">How much money can I borrow?<\/h2>\t\t<\/div>\n\t\t\t\t<\/div>\n\t\t\t\t<div class=\"elementor-element elementor-element-1552567 elementor-widget elementor-widget-text-editor\" data-id=\"1552567\" data-element_type=\"widget\" data-widget_type=\"text-editor.default\">\n\t\t\t\t<div class=\"elementor-widget-container\">\n\t\t\t\t\t\t\t<p>It only takes 3 minutes to answer a question about your need to buy a home, you will immediately know how much specific money you can borrow!<\/p><p>Information is committed\u00a0<a href=\"https:\/\/fleximortgage.com.au\/en\/bao-mat-dieu-khoan\/\" target=\"_blank\" rel=\"noopener\">privacy policy<\/a>. Li\u00ean h\u1ec7\u00a0<a href=\"https:\/\/www.facebook.com\/FlexiMortgage\" target=\"_blank\" rel=\"noopener\">Flexi Mortgage<\/a>\u00a0for free consulting.<\/p>\t\t\t\t\t\t<\/div>\n\t\t\t\t<\/div>\n\t\t\t\t<div class=\"elementor-element elementor-element-02d8319 elementor-widget elementor-widget-shortcode\" data-id=\"02d8319\" data-element_type=\"widget\" data-widget_type=\"shortcode.default\">\n\t\t\t\t<div class=\"elementor-widget-container\">\n\t\t\t\t\t<div class=\"elementor-shortcode\">\n<div class=\"wpcf7 no-js\" id=\"wpcf7-f2779-o1\" lang=\"en-AU\" dir=\"ltr\">\n<div class=\"screen-reader-response\"><p role=\"status\" aria-live=\"polite\" aria-atomic=\"true\"><\/p> <ul><\/ul><\/div>\n<form action=\"\/wp-json\/wp\/v2\/pages\/2824\" method=\"post\" class=\"wpcf7-form init\" aria-label=\"Contact form\" novalidate=\"novalidate\" data-status=\"init\" data-trp-original-action=\"\/en\/wp-json\/wp\/v2\/pages\/2824#wpcf7-f2779-o1\">\n<div style=\"display: none;\">\n<input type=\"hidden\" name=\"_wpcf7\" value=\"2779\" \/>\n<input type=\"hidden\" name=\"_wpcf7_version\" value=\"5.9.8\" \/>\n<input type=\"hidden\" name=\"_wpcf7_locale\" value=\"en_AU\" \/>\n<input type=\"hidden\" name=\"_wpcf7_unit_tag\" value=\"wpcf7-f2779-o1\" \/>\n<input type=\"hidden\" name=\"_wpcf7_container_post\" value=\"0\" \/>\n<input type=\"hidden\" name=\"_wpcf7_posted_data_hash\" value=\"\" \/>\n<\/div>\n<p><label> Your name<br \/>\n<span class=\"wpcf7-form-control-wrap\" data-name=\"your-name\"><input size=\"40\" maxlength=\"400\" class=\"wpcf7-form-control wpcf7-text wpcf7-validates-as-required\" aria-required=\"true\" aria-invalid=\"false\" value=\"\" type=\"text\" name=\"your-name\" \/><\/span> <\/label>\n<\/p>\n<p><label> Email:<br \/>\n<span class=\"wpcf7-form-control-wrap\" data-name=\"your-email\"><input size=\"40\" maxlength=\"400\" class=\"wpcf7-form-control wpcf7-email wpcf7-validates-as-required wpcf7-text wpcf7-validates-as-email\" aria-required=\"true\" aria-invalid=\"false\" value=\"\" type=\"email\" name=\"your-email\" \/><\/span> <\/label>\n<\/p>\n<p><label> Phone<br \/>\n<span class=\"wpcf7-form-control-wrap\" data-name=\"Phone\"><input size=\"40\" maxlength=\"400\" class=\"wpcf7-form-control wpcf7-tel wpcf7-validates-as-required wpcf7-text wpcf7-validates-as-tel\" aria-required=\"true\" aria-invalid=\"false\" value=\"\" type=\"tel\" name=\"Phone\" \/><\/span> <\/label>\n<\/p>\n<p><input class=\"wpcf7-form-control wpcf7-submit has-spinner\" type=\"submit\" value=\"Next\" \/>\n<\/p>\n\n<!-- CF7MSM -->\n<div style='display:none;'><input type=\"hidden\" name=\"_cf7msm_multistep_tag\" class=\"wpcf7-form-control wpcf7-multistep cf7msm-multistep\" value=\"{&quot;first_step&quot;:1,&quot;next_url&quot;:&quot;https:\/\/fleximortgage.com.au\/buoc-2-borrow-power\/&quot;}\" \/><input type=\"hidden\" name=\"cf7msm-no-ss\" value=\"\" \/>\n<\/div>\n<!-- End CF7MSM -->\n<div class=\"wpcf7-response-output\" aria-hidden=\"true\"><\/div>\n<input type=\"hidden\" name=\"trp-form-language\" value=\"en\"\/><\/form>\n<\/div>\n<\/div>\n\t\t\t\t<\/div>\n\t\t\t\t<\/div>\n\t\t\t\t\t<\/div>\n\t\t<\/div>\n\t\t\t\t<div class=\"elementor-column elementor-col-33 elementor-top-column elementor-element elementor-element-e047367\" data-id=\"e047367\" data-element_type=\"column\">\n\t\t\t<div class=\"elementor-widget-wrap\">\n\t\t\t\t\t\t\t<\/div>\n\t\t<\/div>\n\t\t\t\t\t<\/div>\n\t\t<\/section>\n\t\t\t\t<\/div>","protected":false},"excerpt":{"rendered":"<p>Borrowing Power Calculator \u2013 Calculate your borrowing capacity based on your financial situation, income, expenses.<\/p>","protected":false},"author":1,"featured_media":0,"parent":0,"menu_order":0,"comment_status":"closed","ping_status":"closed","template":"elementor_header_footer","meta":{"footnotes":""},"class_list":["post-2824","page","type-page","status-publish","hentry"],"yoast_head":"<!-- This site is optimized with the Yoast SEO plugin v23.6 - https:\/\/yoast.com\/wordpress\/plugins\/seo\/ -->\n<title>Borrowing Power Calculator - vay mua nh\u00e0 d\u00e0nh cho ng\u01b0\u1eddi Vi\u1ec7t t\u1ea1i \u00dac<\/title>\n<meta name=\"description\" content=\"Borrowing Power Calculator - T\u00ednh kh\u1ea3 n\u0103ng vay c\u1ee7a anh\/ch\u1ecb d\u1ef1a tr\u00ean t\u00ecnh h\u00ecnh t\u00e0i ch\u00ednh, thu nh\u1eadp, chi ti\u00eau c\u1ee7a anh\/ch\u1ecb\" \/>\n<meta name=\"robots\" content=\"index, follow, max-snippet:-1, max-image-preview:large, max-video-preview:-1\" \/>\n<link rel=\"canonical\" href=\"https:\/\/fleximortgage.com.au\/en\/borrowing-power-calculator-vay-mua-nha-danh-cho-nguoi-viet-tai-uc\/\" \/>\n<meta property=\"og:locale\" content=\"en_US\" \/>\n<meta property=\"og:type\" content=\"article\" \/>\n<meta property=\"og:title\" content=\"Borrowing Power Calculator - vay mua nh\u00e0 d\u00e0nh cho ng\u01b0\u1eddi Vi\u1ec7t t\u1ea1i \u00dac\" \/>\n<meta property=\"og:description\" content=\"Borrowing Power Calculator - T\u00ednh kh\u1ea3 n\u0103ng vay c\u1ee7a anh\/ch\u1ecb d\u1ef1a tr\u00ean t\u00ecnh h\u00ecnh t\u00e0i ch\u00ednh, thu nh\u1eadp, chi ti\u00eau c\u1ee7a anh\/ch\u1ecb\" \/>\n<meta property=\"og:url\" content=\"https:\/\/fleximortgage.com.au\/en\/borrowing-power-calculator-vay-mua-nha-danh-cho-nguoi-viet-tai-uc\/\" \/>\n<meta property=\"og:site_name\" content=\"Flexi Mortgage\" \/>\n<meta property=\"article:publisher\" content=\"https:\/\/www.facebook.com\/FlexiMortgage\" \/>\n<meta property=\"article:modified_time\" content=\"2021-06-09T03:59:20+00:00\" \/>\n<meta property=\"og:image\" content=\"https:\/\/fleximortgage.com.au\/wp-content\/uploads\/2020\/09\/Logo-02.png\" \/>\n\t<meta property=\"og:image:width\" content=\"1361\" \/>\n\t<meta property=\"og:image:height\" content=\"830\" \/>\n\t<meta property=\"og:image:type\" content=\"image\/png\" \/>\n<meta name=\"twitter:card\" content=\"summary_large_image\" \/>\n<meta name=\"twitter:site\" content=\"@MortgageFlexi\" \/>\n<meta name=\"twitter:label1\" content=\"Est. reading time\" \/>\n\t<meta name=\"twitter:data1\" content=\"1 minute\" \/>\n<script type=\"application\/ld+json\" class=\"yoast-schema-graph\">{\"@context\":\"https:\/\/schema.org\",\"@graph\":[{\"@type\":\"WebPage\",\"@id\":\"https:\/\/fleximortgage.com.au\/borrowing-power-calculator-vay-mua-nha-danh-cho-nguoi-viet-tai-uc\/\",\"url\":\"https:\/\/fleximortgage.com.au\/borrowing-power-calculator-vay-mua-nha-danh-cho-nguoi-viet-tai-uc\/\",\"name\":\"Borrowing Power Calculator - vay mua nh\u00e0 d\u00e0nh cho ng\u01b0\u1eddi Vi\u1ec7t t\u1ea1i \u00dac\",\"isPartOf\":{\"@id\":\"https:\/\/fleximortgage.com.au\/#website\"},\"datePublished\":\"2020-10-08T11:49:31+00:00\",\"dateModified\":\"2021-06-09T03:59:20+00:00\",\"description\":\"Borrowing Power Calculator - T\u00ednh kh\u1ea3 n\u0103ng vay c\u1ee7a anh\/ch\u1ecb d\u1ef1a tr\u00ean t\u00ecnh h\u00ecnh t\u00e0i ch\u00ednh, thu nh\u1eadp, chi ti\u00eau c\u1ee7a anh\/ch\u1ecb\",\"breadcrumb\":{\"@id\":\"https:\/\/fleximortgage.com.au\/borrowing-power-calculator-vay-mua-nha-danh-cho-nguoi-viet-tai-uc\/#breadcrumb\"},\"inLanguage\":\"en-AU\",\"potentialAction\":[{\"@type\":\"ReadAction\",\"target\":[\"https:\/\/fleximortgage.com.au\/borrowing-power-calculator-vay-mua-nha-danh-cho-nguoi-viet-tai-uc\/\"]}]},{\"@type\":\"BreadcrumbList\",\"@id\":\"https:\/\/fleximortgage.com.au\/borrowing-power-calculator-vay-mua-nha-danh-cho-nguoi-viet-tai-uc\/#breadcrumb\",\"itemListElement\":[{\"@type\":\"ListItem\",\"position\":1,\"name\":\"Home\",\"item\":\"https:\/\/fleximortgage.com.au\/\"},{\"@type\":\"ListItem\",\"position\":2,\"name\":\"Borrowing power\"}]},{\"@type\":\"WebSite\",\"@id\":\"https:\/\/fleximortgage.com.au\/#website\",\"url\":\"https:\/\/fleximortgage.com.au\/\",\"name\":\"Flexi Mortgage\",\"description\":\"Flexi options - Flexi solutions\",\"publisher\":{\"@id\":\"https:\/\/fleximortgage.com.au\/#organization\"},\"potentialAction\":[{\"@type\":\"SearchAction\",\"target\":{\"@type\":\"EntryPoint\",\"urlTemplate\":\"https:\/\/fleximortgage.com.au\/?s={search_term_string}\"},\"query-input\":{\"@type\":\"PropertyValueSpecification\",\"valueRequired\":true,\"valueName\":\"search_term_string\"}}],\"inLanguage\":\"en-AU\"},{\"@type\":\"Organization\",\"@id\":\"https:\/\/fleximortgage.com.au\/#organization\",\"name\":\"Flexi Mortgage\",\"url\":\"https:\/\/fleximortgage.com.au\/\",\"logo\":{\"@type\":\"ImageObject\",\"inLanguage\":\"en-AU\",\"@id\":\"https:\/\/fleximortgage.com.au\/#\/schema\/logo\/image\/\",\"url\":\"https:\/\/fleximortgage.com.au\/wp-content\/uploads\/2020\/09\/Logo-02.png\",\"contentUrl\":\"https:\/\/fleximortgage.com.au\/wp-content\/uploads\/2020\/09\/Logo-02.png\",\"width\":1361,\"height\":830,\"caption\":\"Flexi Mortgage\"},\"image\":{\"@id\":\"https:\/\/fleximortgage.com.au\/#\/schema\/logo\/image\/\"},\"sameAs\":[\"https:\/\/www.facebook.com\/FlexiMortgage\",\"https:\/\/x.com\/MortgageFlexi\",\"https:\/\/www.linkedin.com\/company\/flexi-mortgage\/\",\"https:\/\/www.youtube.com\/channel\/UCkz7FQm7CACp9sDWhSnIxUg\/featured\"]}]}<\/script>\n<!-- \/ Yoast SEO plugin. -->","yoast_head_json":{"title":"Borrowing Power Calculator - vay mua nh\u00e0 d\u00e0nh cho ng\u01b0\u1eddi Vi\u1ec7t t\u1ea1i \u00dac","description":"Borrowing Power Calculator - T\u00ednh kh\u1ea3 n\u0103ng vay c\u1ee7a anh\/ch\u1ecb d\u1ef1a tr\u00ean t\u00ecnh h\u00ecnh t\u00e0i ch\u00ednh, thu nh\u1eadp, chi ti\u00eau c\u1ee7a anh\/ch\u1ecb","robots":{"index":"index","follow":"follow","max-snippet":"max-snippet:-1","max-image-preview":"max-image-preview:large","max-video-preview":"max-video-preview:-1"},"canonical":"https:\/\/fleximortgage.com.au\/en\/borrowing-power-calculator-vay-mua-nha-danh-cho-nguoi-viet-tai-uc\/","og_locale":"en_US","og_type":"article","og_title":"Borrowing Power Calculator - vay mua nh\u00e0 d\u00e0nh cho ng\u01b0\u1eddi Vi\u1ec7t t\u1ea1i \u00dac","og_description":"Borrowing Power Calculator - T\u00ednh kh\u1ea3 n\u0103ng vay c\u1ee7a anh\/ch\u1ecb d\u1ef1a tr\u00ean t\u00ecnh h\u00ecnh t\u00e0i ch\u00ednh, thu nh\u1eadp, chi ti\u00eau c\u1ee7a anh\/ch\u1ecb","og_url":"https:\/\/fleximortgage.com.au\/en\/borrowing-power-calculator-vay-mua-nha-danh-cho-nguoi-viet-tai-uc\/","og_site_name":"Flexi Mortgage","article_publisher":"https:\/\/www.facebook.com\/FlexiMortgage","article_modified_time":"2021-06-09T03:59:20+00:00","og_image":[{"width":1361,"height":830,"url":"https:\/\/fleximortgage.com.au\/wp-content\/uploads\/2020\/09\/Logo-02.png","type":"image\/png"}],"twitter_card":"summary_large_image","twitter_site":"@MortgageFlexi","twitter_misc":{"Est. reading time":"1 minute"},"schema":{"@context":"https:\/\/schema.org","@graph":[{"@type":"WebPage","@id":"https:\/\/fleximortgage.com.au\/borrowing-power-calculator-vay-mua-nha-danh-cho-nguoi-viet-tai-uc\/","url":"https:\/\/fleximortgage.com.au\/borrowing-power-calculator-vay-mua-nha-danh-cho-nguoi-viet-tai-uc\/","name":"Borrowing Power Calculator - vay mua nh\u00e0 d\u00e0nh cho ng\u01b0\u1eddi Vi\u1ec7t t\u1ea1i \u00dac","isPartOf":{"@id":"https:\/\/fleximortgage.com.au\/#website"},"datePublished":"2020-10-08T11:49:31+00:00","dateModified":"2021-06-09T03:59:20+00:00","description":"Borrowing Power Calculator - T\u00ednh kh\u1ea3 n\u0103ng vay c\u1ee7a anh\/ch\u1ecb d\u1ef1a tr\u00ean t\u00ecnh h\u00ecnh t\u00e0i ch\u00ednh, thu nh\u1eadp, chi ti\u00eau c\u1ee7a anh\/ch\u1ecb","breadcrumb":{"@id":"https:\/\/fleximortgage.com.au\/borrowing-power-calculator-vay-mua-nha-danh-cho-nguoi-viet-tai-uc\/#breadcrumb"},"inLanguage":"en-AU","potentialAction":[{"@type":"ReadAction","target":["https:\/\/fleximortgage.com.au\/borrowing-power-calculator-vay-mua-nha-danh-cho-nguoi-viet-tai-uc\/"]}]},{"@type":"BreadcrumbList","@id":"https:\/\/fleximortgage.com.au\/borrowing-power-calculator-vay-mua-nha-danh-cho-nguoi-viet-tai-uc\/#breadcrumb","itemListElement":[{"@type":"ListItem","position":1,"name":"Home","item":"https:\/\/fleximortgage.com.au\/"},{"@type":"ListItem","position":2,"name":"Borrowing power"}]},{"@type":"WebSite","@id":"https:\/\/fleximortgage.com.au\/#website","url":"https:\/\/fleximortgage.com.au\/","name":"Flexi Mortgage","description":"Flexi options - Flexi solutions","publisher":{"@id":"https:\/\/fleximortgage.com.au\/#organization"},"potentialAction":[{"@type":"SearchAction","target":{"@type":"EntryPoint","urlTemplate":"https:\/\/fleximortgage.com.au\/?s={search_term_string}"},"query-input":{"@type":"PropertyValueSpecification","valueRequired":true,"valueName":"search_term_string"}}],"inLanguage":"en-AU"},{"@type":"Organization","@id":"https:\/\/fleximortgage.com.au\/#organization","name":"Flexi Mortgage","url":"https:\/\/fleximortgage.com.au\/","logo":{"@type":"ImageObject","inLanguage":"en-AU","@id":"https:\/\/fleximortgage.com.au\/#\/schema\/logo\/image\/","url":"https:\/\/fleximortgage.com.au\/wp-content\/uploads\/2020\/09\/Logo-02.png","contentUrl":"https:\/\/fleximortgage.com.au\/wp-content\/uploads\/2020\/09\/Logo-02.png","width":1361,"height":830,"caption":"Flexi Mortgage"},"image":{"@id":"https:\/\/fleximortgage.com.au\/#\/schema\/logo\/image\/"},"sameAs":["https:\/\/www.facebook.com\/FlexiMortgage","https:\/\/x.com\/MortgageFlexi","https:\/\/www.linkedin.com\/company\/flexi-mortgage\/","https:\/\/www.youtube.com\/channel\/UCkz7FQm7CACp9sDWhSnIxUg\/featured"]}]}},"_links":{"self":[{"href":"https:\/\/fleximortgage.com.au\/en\/wp-json\/wp\/v2\/pages\/2824"}],"collection":[{"href":"https:\/\/fleximortgage.com.au\/en\/wp-json\/wp\/v2\/pages"}],"about":[{"href":"https:\/\/fleximortgage.com.au\/en\/wp-json\/wp\/v2\/types\/page"}],"author":[{"embeddable":true,"href":"https:\/\/fleximortgage.com.au\/en\/wp-json\/wp\/v2\/users\/1"}],"replies":[{"embeddable":true,"href":"https:\/\/fleximortgage.com.au\/en\/wp-json\/wp\/v2\/comments?post=2824"}],"version-history":[{"count":0,"href":"https:\/\/fleximortgage.com.au\/en\/wp-json\/wp\/v2\/pages\/2824\/revisions"}],"wp:attachment":[{"href":"https:\/\/fleximortgage.com.au\/en\/wp-json\/wp\/v2\/media?parent=2824"}],"curies":[{"name":"wp","href":"https:\/\/api.w.org\/{rel}","templated":true}]}}