{"id":2633,"date":"2020-09-30T13:01:37","date_gmt":"2020-09-30T03:01:37","guid":{"rendered":"https:\/\/fleximortgage.com.au\/?page_id=2633"},"modified":"2022-01-21T18:16:57","modified_gmt":"2022-01-21T07:16:57","slug":"6-luu-y-quan-trong-ban-can-biet-khi-mua-nha-lan-dau","status":"publish","type":"page","link":"https:\/\/fleximortgage.com.au\/en\/6-luu-y-quan-trong-ban-can-biet-khi-mua-nha-lan-dau\/","title":{"rendered":"6 L\u01afU \u00dd QUAN TR\u1eccNG B\u1ea0N C\u1ea6N BI\u1ebeT KHI MUA NH\u00c0 L\u1ea6N \u0110\u1ea6U"},"content":{"rendered":"<h2>DOWNLOAD T\u00c0I LI\u1ec6U<\/h2>\n<h2>6 L\u01afU \u00dd QUAN TR\u1eccNG B\u1ea0N C\u1ea6N BI\u1ebeT KHI MUA NH\u00c0 L\u1ea6N \u0110\u1ea6U<\/h2>\n<p><a role=\"button\"><br \/>\nDOWNLOAD NOW<br \/>\n<\/a><\/p>\n<h2>CH\u00daNG T\u00d4I C\u00d3 CH\u00ccA KH\u00d3A<\/h2>\n<h2>CHO NG\u00d4I NH\u00c0 M\u01a0 \u01af\u1edaC C\u1ee6A B\u1ea0N<\/h2>\n<p>M\u1ed7i kh\u00e1ch h\u00e0ng c\u00f3 m\u1ed9t nhu c\u1ea7u v\u00e0 t\u00ecnh h\u00ecnh t\u00e0i ch\u00ednh ri\u00eang. H\u00e3y li\u00ean h\u1ec7 v\u1edbi ch\u00fang t\u00f4i \u0111\u1ec3 \u0111\u01b0\u1ee3c h\u01b0\u1edbng d\u1eabn v\u00e0 t\u01b0 v\u1ea5n v\u1ec1 k\u1ebf ho\u1ea1ch mua nh\u00e0 s\u1eafp t\u1edbi<\/p>\n<p><a href=\"tel:0287731451\" role=\"button\"><br \/>\nCALL US<br \/>\n<\/a><br \/>\n<a href=\"https:\/\/fleximortgage.com.au\/en\/category\/cau-chuyen-thanh-cong\/\" role=\"button\"><br \/>\nXEM CASE VAY MUA NH\u00c0 TH\u00c0NH C\u00d4NG<br \/>\n<\/a><br \/>\n<img loading=\"lazy\" decoding=\"async\" width=\"800\" height=\"534\" src=\"https:\/\/fleximortgage.com.au\/wp-content\/uploads\/2020\/10\/suburban-house-royalty-free-image-1584972559-1024x683.jpg\" alt=\"\" srcset=\"https:\/\/fleximortgage.com.au\/wp-content\/uploads\/2020\/10\/suburban-house-royalty-free-image-1584972559-1024x683.jpg 1024w, https:\/\/fleximortgage.com.au\/wp-content\/uploads\/2020\/10\/suburban-house-royalty-free-image-1584972559-300x200.jpg 300w, https:\/\/fleximortgage.com.au\/wp-content\/uploads\/2020\/10\/suburban-house-royalty-free-image-1584972559-768x512.jpg 768w, https:\/\/fleximortgage.com.au\/wp-content\/uploads\/2020\/10\/suburban-house-royalty-free-image-1584972559-1536x1025.jpg 1536w, https:\/\/fleximortgage.com.au\/wp-content\/uploads\/2020\/10\/suburban-house-royalty-free-image-1584972559.jpg 1601w\" sizes=\"(max-width: 800px) 100vw, 800px\"><\/p>\n<h2>VAY TI\u1ec0N MUA NH\u00c0<\/h2>\n<h2>KH\u00d4NG PH\u1ee8C T\u1ea0P NH\u01af B\u1ea0N NGH\u0128<\/h2>\n<p>Ch\u1ec9 c\u1ea7n trao \u0111\u1ed5i v\u1edbi ch\u00fang t\u00f4i v\u1ec1 nhu c\u1ea7u v\u00e0 t\u00ecnh h\u00ecnh t\u00e0i ch\u00ednh hi\u1ec7n t\u1ea1i c\u1ee7a qu\u00fd v\u1ecb, ch\u00fang t\u00f4i s\u1ebd \u0111\u01b0a ra nh\u1eefng ph\u01b0\u01a1ng \u00e1n ph\u00f9 h\u1ee3p \u0111\u1ec3 qu\u00fd v\u1ecb \u0111\u1ea1t \u0111\u01b0\u1ee3c m\u1ee5c ti\u00eau mua nh\u00e0 c\u1ee7a m\u00ecnh<\/p>\n<h2>L\u00c3I SU\u1ea4T TH\u1ea4P<\/h2>\n<p>V\u1edbi s\u1ef1 l\u1ef1a ch\u1ecdn t\u1eeb h\u01a1n 30 ng\u00e2n h\u00e0ng kh\u00e1c nhau, ch\u00fang t\u00f4i s\u1ebd t\u00ecm ra m\u1ee9c l\u00e3i su\u1ea5t c\u00f3 l\u1ee3i cho Qu\u00fd v\u1ecb.<\/p>\n<h2>NHI\u1ec0U PH\u01af\u01a0NG \u00c1N VAY<\/h2>\n<p>Nh\u1eefng b\u0103n kho\u0103n v\u1ec1 c\u00e1c h\u00ecnh th\u1ee9c vay kh\u00e1c nhau c\u1ee7a Qu\u00fd v\u1ecb s\u1ebd \u0111\u01b0\u1ee3c gi\u1ea3i \u0111\u00e1p<\/p>\n<h2>PH\u00d9 H\u1ee2P V\u1edaI B\u1ea0N<\/h2>\n<p>C\u00e1c ph\u01b0\u01a1ng \u00e1n ch\u00fang t\u00f4i \u0111\u01b0a ra s\u1ebd d\u1ef1a tr\u00ean kh\u1ea3 n\u0103ng c\u1ee7a Qu\u00fd v\u1ecb \u0111\u1ec3 h\u01b0\u1edbng t\u1edbi m\u1ee5c ti\u00eau d\u00e0i h\u1ea1n<\/p>\n<h2>CH\u1ec8 C\u1ea6N G\u1eccI FLEXI<\/h2>\n<h2>CH\u00daNG T\u00d4I S\u1ebc \u0110\u01afA RA PH\u01af\u01a0NG \u00c1N PH\u00d9 H\u1ee2P<\/h2>\n<p>Qu\u00fd v\u1ecb c\u00f3 th\u1ec3 g\u1eb7p tr\u1ef1c ti\u1ebfp ho\u1eb7c trao \u0111\u1ed5i qua video call, \u0111i\u1ec7n tho\u1ea1i ho\u1eb7c ch\u00fang t\u00f4i s\u1ebd t\u1edbi t\u1eadn n\u01a1i \u0111\u1ec3 trao \u0111\u1ed5i v\u1ec1 nhu c\u1ea7u v\u00e0 k\u1ebf ho\u1ea1ch c\u1ee7a Qu\u00fd v\u1ecb<\/p>\n<p><img loading=\"lazy\" decoding=\"async\" width=\"800\" height=\"533\" src=\"https:\/\/fleximortgage.com.au\/wp-content\/uploads\/2020\/10\/female-hand-operating-calculator-front-villa-house-model.jpg\" alt=\"\" srcset=\"https:\/\/fleximortgage.com.au\/wp-content\/uploads\/2020\/10\/female-hand-operating-calculator-front-villa-house-model.jpg 934w, https:\/\/fleximortgage.com.au\/wp-content\/uploads\/2020\/10\/female-hand-operating-calculator-front-villa-house-model-300x200.jpg 300w, https:\/\/fleximortgage.com.au\/wp-content\/uploads\/2020\/10\/female-hand-operating-calculator-front-villa-house-model-768x511.jpg 768w\" sizes=\"(max-width: 800px) 100vw, 800px\"><\/p>\n<h2>CLIENT'S REVIEW<\/h2>\n<blockquote><p>\n\t\t\t\tFlexi Mortgage \u0111\u00e3 h\u1ed7 tr\u1ee3 t\u00f4i r\u1ea5t nhi\u1ec1u trong vi\u1ec7c vay ti\u1ec1n mua nh\u00e0 l\u1ea7n \u0111\u1ea7u, refinance, h\u1ed7 tr\u1ee3 \u0111\u1ecbnh gi\u00e1 nh\u00e0, t\u01b0 v\u1ea5n ph\u00e1p l\u00fd khi mua nh\u00e0, h\u1ed7 tr\u1ee3 \u0111\u1ea5u gi\u00e1 nh\u00e0. T\u00f4i r\u1ea5t tin t\u01b0\u1edfng Flexi Mortgage v\u00ec khi ban \u0111\u1ea7u l\u00e0m vi\u1ec7c Flexi Mortgage t\u01b0 v\u1ea5n r\u1ea5t nhi\u1ec7t t\u00ecnh, r\u00f5 r\u00e0ng, c\u00f3 kinh nghi\u1ec7m &amp; \u0111\u01b0a ra nh\u1eefng gi\u1ea3i ph\u00e1p ph\u00f9 h\u1ee3p.<\/p>\n<footer>\n\t\t\t\t\t\t\t\t\t\t\t<cite>Jenny Nguy\u1ec5n<\/cite><br \/>\n<\/footer>\n<\/blockquote>\n<blockquote><p>\n\t\t\t\tI know Flexi Mortgage. Really, thank you Flexi for the very enthusiastic support. Flexi not only provided me with legal assistance, but also assisted in finding a home for me. I love Flexi's clear transparency and I will definitely recommend it to my friends.<\/p>\n<footer>\n\t\t\t\t\t\t\t\t\t\t\t<cite>Anh B\u00e1ch<\/cite><br \/>\n<\/footer>\n<\/blockquote>\n<blockquote><p>\n\t\t\t\tNguyen loves Flexi - enthusiastic advice, always clear and transparent, especially loans with very reasonable interest rates. Because some English words about specialized finance, Nguyen did not know very well, Flexi's advice in Vietnamese helped Nguyen a lot.<\/p>\n<footer>\n\t\t\t\t\t\t\t\t\t\t\t<cite>L\u00ea C\u1ea9m T\u00fa Nguy\u00ean<\/cite><br \/>\n<\/footer>\n<\/blockquote>","protected":false},"excerpt":{"rendered":"<p>DOWNLOAD T\u00c0I LI\u1ec6U 6 L\u01afU \u00dd QUAN TR\u1eccNG B\u1ea0N C\u1ea6N BI\u1ebeT KHI MUA NH\u00c0 L\u1ea6N \u0110\u1ea6U XEM T\u00c0I LI\u1ec6U CH\u00daNG T\u00d4I C\u00d3 CH\u00ccA KH\u00d3A CHO NG\u00d4I NH\u00c0 M\u01a0 \u01af\u1edaC C\u1ee6A &#8230;<\/p>","protected":false},"author":1,"featured_media":6318,"parent":0,"menu_order":0,"comment_status":"closed","ping_status":"closed","template":"elementor_header_footer","meta":{"footnotes":""},"class_list":["post-2633","page","type-page","status-publish","has-post-thumbnail","hentry"],"yoast_head":"<!-- This site is optimized with the Yoast SEO plugin v23.6 - https:\/\/yoast.com\/wordpress\/plugins\/seo\/ -->\n<title>6 L\u01afU \u00dd QUAN TR\u1eccNG B\u1ea0N C\u1ea6N BI\u1ebeT KHI MUA NH\u00c0 L\u1ea6N \u0110\u1ea6U - Flexi Mortgage<\/title>\n<meta name=\"description\" content=\"6 L\u01afU \u00dd QUAN TR\u1eccNG B\u1ea0N C\u1ea6N BI\u1ebeT KHI MUA NH\u00c0 L\u1ea6N \u0110\u1ea6U\" \/>\n<meta name=\"robots\" content=\"index, follow, max-snippet:-1, max-image-preview:large, max-video-preview:-1\" \/>\n<link rel=\"canonical\" href=\"https:\/\/fleximortgage.com.au\/en\/6-luu-y-quan-trong-ban-can-biet-khi-mua-nha-lan-dau\/\" \/>\n<meta property=\"og:locale\" content=\"en_US\" \/>\n<meta property=\"og:type\" content=\"article\" \/>\n<meta property=\"og:title\" content=\"6 L\u01afU \u00dd QUAN TR\u1eccNG B\u1ea0N C\u1ea6N BI\u1ebeT KHI MUA NH\u00c0 L\u1ea6N \u0110\u1ea6U - Flexi Mortgage\" \/>\n<meta property=\"og:description\" content=\"6 L\u01afU \u00dd QUAN TR\u1eccNG B\u1ea0N C\u1ea6N BI\u1ebeT KHI MUA NH\u00c0 L\u1ea6N \u0110\u1ea6U\" \/>\n<meta property=\"og:url\" content=\"https:\/\/fleximortgage.com.au\/en\/6-luu-y-quan-trong-ban-can-biet-khi-mua-nha-lan-dau\/\" \/>\n<meta property=\"og:site_name\" content=\"Flexi Mortgage\" \/>\n<meta property=\"article:publisher\" content=\"https:\/\/www.facebook.com\/FlexiMortgage\" \/>\n<meta property=\"article:modified_time\" content=\"2022-01-21T07:16:57+00:00\" \/>\n<meta property=\"og:image\" content=\"https:\/\/fleximortgage.com.au\/wp-content\/uploads\/2021\/09\/1-1.jpg\" \/>\n\t<meta property=\"og:image:width\" content=\"1280\" \/>\n\t<meta property=\"og:image:height\" content=\"720\" \/>\n\t<meta property=\"og:image:type\" content=\"image\/jpeg\" \/>\n<meta name=\"twitter:card\" content=\"summary_large_image\" \/>\n<meta name=\"twitter:site\" content=\"@MortgageFlexi\" \/>\n<meta name=\"twitter:label1\" content=\"Est. reading time\" \/>\n\t<meta name=\"twitter:data1\" content=\"3 minutes\" \/>\n<script type=\"application\/ld+json\" class=\"yoast-schema-graph\">{\"@context\":\"https:\/\/schema.org\",\"@graph\":[{\"@type\":\"WebPage\",\"@id\":\"https:\/\/fleximortgage.com.au\/6-luu-y-quan-trong-ban-can-biet-khi-mua-nha-lan-dau\/\",\"url\":\"https:\/\/fleximortgage.com.au\/6-luu-y-quan-trong-ban-can-biet-khi-mua-nha-lan-dau\/\",\"name\":\"6 L\u01afU \u00dd QUAN TR\u1eccNG B\u1ea0N C\u1ea6N BI\u1ebeT KHI MUA NH\u00c0 L\u1ea6N \u0110\u1ea6U - Flexi Mortgage\",\"isPartOf\":{\"@id\":\"https:\/\/fleximortgage.com.au\/#website\"},\"primaryImageOfPage\":{\"@id\":\"https:\/\/fleximortgage.com.au\/6-luu-y-quan-trong-ban-can-biet-khi-mua-nha-lan-dau\/#primaryimage\"},\"image\":{\"@id\":\"https:\/\/fleximortgage.com.au\/6-luu-y-quan-trong-ban-can-biet-khi-mua-nha-lan-dau\/#primaryimage\"},\"thumbnailUrl\":\"https:\/\/fleximortgage.com.au\/wp-content\/uploads\/2021\/09\/1-1.jpg\",\"datePublished\":\"2020-09-30T03:01:37+00:00\",\"dateModified\":\"2022-01-21T07:16:57+00:00\",\"description\":\"6 L\u01afU \u00dd QUAN TR\u1eccNG B\u1ea0N C\u1ea6N BI\u1ebeT KHI MUA NH\u00c0 L\u1ea6N \u0110\u1ea6U\",\"breadcrumb\":{\"@id\":\"https:\/\/fleximortgage.com.au\/6-luu-y-quan-trong-ban-can-biet-khi-mua-nha-lan-dau\/#breadcrumb\"},\"inLanguage\":\"en-AU\",\"potentialAction\":[{\"@type\":\"ReadAction\",\"target\":[\"https:\/\/fleximortgage.com.au\/6-luu-y-quan-trong-ban-can-biet-khi-mua-nha-lan-dau\/\"]}]},{\"@type\":\"ImageObject\",\"inLanguage\":\"en-AU\",\"@id\":\"https:\/\/fleximortgage.com.au\/6-luu-y-quan-trong-ban-can-biet-khi-mua-nha-lan-dau\/#primaryimage\",\"url\":\"https:\/\/fleximortgage.com.au\/wp-content\/uploads\/2021\/09\/1-1.jpg\",\"contentUrl\":\"https:\/\/fleximortgage.com.au\/wp-content\/uploads\/2021\/09\/1-1.jpg\",\"width\":1280,\"height\":720,\"caption\":\"Nh\u00e0 d\u1ef1 \u00e1n ph\u00e1t tri\u1ec3n St Albans\"},{\"@type\":\"BreadcrumbList\",\"@id\":\"https:\/\/fleximortgage.com.au\/6-luu-y-quan-trong-ban-can-biet-khi-mua-nha-lan-dau\/#breadcrumb\",\"itemListElement\":[{\"@type\":\"ListItem\",\"position\":1,\"name\":\"Home\",\"item\":\"https:\/\/fleximortgage.com.au\/\"},{\"@type\":\"ListItem\",\"position\":2,\"name\":\"6 L\u01afU \u00dd QUAN TR\u1eccNG B\u1ea0N C\u1ea6N BI\u1ebeT KHI MUA NH\u00c0 L\u1ea6N \u0110\u1ea6U\"}]},{\"@type\":\"WebSite\",\"@id\":\"https:\/\/fleximortgage.com.au\/#website\",\"url\":\"https:\/\/fleximortgage.com.au\/\",\"name\":\"Flexi Mortgage\",\"description\":\"Flexi options - Flexi solutions\",\"publisher\":{\"@id\":\"https:\/\/fleximortgage.com.au\/#organization\"},\"potentialAction\":[{\"@type\":\"SearchAction\",\"target\":{\"@type\":\"EntryPoint\",\"urlTemplate\":\"https:\/\/fleximortgage.com.au\/?s={search_term_string}\"},\"query-input\":{\"@type\":\"PropertyValueSpecification\",\"valueRequired\":true,\"valueName\":\"search_term_string\"}}],\"inLanguage\":\"en-AU\"},{\"@type\":\"Organization\",\"@id\":\"https:\/\/fleximortgage.com.au\/#organization\",\"name\":\"Flexi Mortgage\",\"url\":\"https:\/\/fleximortgage.com.au\/\",\"logo\":{\"@type\":\"ImageObject\",\"inLanguage\":\"en-AU\",\"@id\":\"https:\/\/fleximortgage.com.au\/#\/schema\/logo\/image\/\",\"url\":\"https:\/\/fleximortgage.com.au\/wp-content\/uploads\/2020\/09\/Logo-02.png\",\"contentUrl\":\"https:\/\/fleximortgage.com.au\/wp-content\/uploads\/2020\/09\/Logo-02.png\",\"width\":1361,\"height\":830,\"caption\":\"Flexi Mortgage\"},\"image\":{\"@id\":\"https:\/\/fleximortgage.com.au\/#\/schema\/logo\/image\/\"},\"sameAs\":[\"https:\/\/www.facebook.com\/FlexiMortgage\",\"https:\/\/x.com\/MortgageFlexi\",\"https:\/\/www.linkedin.com\/company\/flexi-mortgage\/\",\"https:\/\/www.youtube.com\/channel\/UCkz7FQm7CACp9sDWhSnIxUg\/featured\"]}]}<\/script>\n<!-- \/ Yoast SEO plugin. -->","yoast_head_json":{"title":"6 L\u01afU \u00dd QUAN TR\u1eccNG B\u1ea0N C\u1ea6N BI\u1ebeT KHI MUA NH\u00c0 L\u1ea6N \u0110\u1ea6U - Flexi Mortgage","description":"6 L\u01afU \u00dd QUAN TR\u1eccNG B\u1ea0N C\u1ea6N BI\u1ebeT KHI MUA NH\u00c0 L\u1ea6N \u0110\u1ea6U","robots":{"index":"index","follow":"follow","max-snippet":"max-snippet:-1","max-image-preview":"max-image-preview:large","max-video-preview":"max-video-preview:-1"},"canonical":"https:\/\/fleximortgage.com.au\/en\/6-luu-y-quan-trong-ban-can-biet-khi-mua-nha-lan-dau\/","og_locale":"en_US","og_type":"article","og_title":"6 L\u01afU \u00dd QUAN TR\u1eccNG B\u1ea0N C\u1ea6N BI\u1ebeT KHI MUA NH\u00c0 L\u1ea6N \u0110\u1ea6U - Flexi Mortgage","og_description":"6 L\u01afU \u00dd QUAN TR\u1eccNG B\u1ea0N C\u1ea6N BI\u1ebeT KHI MUA NH\u00c0 L\u1ea6N \u0110\u1ea6U","og_url":"https:\/\/fleximortgage.com.au\/en\/6-luu-y-quan-trong-ban-can-biet-khi-mua-nha-lan-dau\/","og_site_name":"Flexi Mortgage","article_publisher":"https:\/\/www.facebook.com\/FlexiMortgage","article_modified_time":"2022-01-21T07:16:57+00:00","og_image":[{"width":1280,"height":720,"url":"https:\/\/fleximortgage.com.au\/wp-content\/uploads\/2021\/09\/1-1.jpg","type":"image\/jpeg"}],"twitter_card":"summary_large_image","twitter_site":"@MortgageFlexi","twitter_misc":{"Est. reading time":"3 minutes"},"schema":{"@context":"https:\/\/schema.org","@graph":[{"@type":"WebPage","@id":"https:\/\/fleximortgage.com.au\/6-luu-y-quan-trong-ban-can-biet-khi-mua-nha-lan-dau\/","url":"https:\/\/fleximortgage.com.au\/6-luu-y-quan-trong-ban-can-biet-khi-mua-nha-lan-dau\/","name":"6 L\u01afU \u00dd QUAN TR\u1eccNG B\u1ea0N C\u1ea6N BI\u1ebeT KHI MUA NH\u00c0 L\u1ea6N \u0110\u1ea6U - Flexi Mortgage","isPartOf":{"@id":"https:\/\/fleximortgage.com.au\/#website"},"primaryImageOfPage":{"@id":"https:\/\/fleximortgage.com.au\/6-luu-y-quan-trong-ban-can-biet-khi-mua-nha-lan-dau\/#primaryimage"},"image":{"@id":"https:\/\/fleximortgage.com.au\/6-luu-y-quan-trong-ban-can-biet-khi-mua-nha-lan-dau\/#primaryimage"},"thumbnailUrl":"https:\/\/fleximortgage.com.au\/wp-content\/uploads\/2021\/09\/1-1.jpg","datePublished":"2020-09-30T03:01:37+00:00","dateModified":"2022-01-21T07:16:57+00:00","description":"6 L\u01afU \u00dd QUAN TR\u1eccNG B\u1ea0N C\u1ea6N BI\u1ebeT KHI MUA NH\u00c0 L\u1ea6N \u0110\u1ea6U","breadcrumb":{"@id":"https:\/\/fleximortgage.com.au\/6-luu-y-quan-trong-ban-can-biet-khi-mua-nha-lan-dau\/#breadcrumb"},"inLanguage":"en-AU","potentialAction":[{"@type":"ReadAction","target":["https:\/\/fleximortgage.com.au\/6-luu-y-quan-trong-ban-can-biet-khi-mua-nha-lan-dau\/"]}]},{"@type":"ImageObject","inLanguage":"en-AU","@id":"https:\/\/fleximortgage.com.au\/6-luu-y-quan-trong-ban-can-biet-khi-mua-nha-lan-dau\/#primaryimage","url":"https:\/\/fleximortgage.com.au\/wp-content\/uploads\/2021\/09\/1-1.jpg","contentUrl":"https:\/\/fleximortgage.com.au\/wp-content\/uploads\/2021\/09\/1-1.jpg","width":1280,"height":720,"caption":"Nh\u00e0 d\u1ef1 \u00e1n ph\u00e1t tri\u1ec3n St Albans"},{"@type":"BreadcrumbList","@id":"https:\/\/fleximortgage.com.au\/6-luu-y-quan-trong-ban-can-biet-khi-mua-nha-lan-dau\/#breadcrumb","itemListElement":[{"@type":"ListItem","position":1,"name":"Home","item":"https:\/\/fleximortgage.com.au\/"},{"@type":"ListItem","position":2,"name":"6 L\u01afU \u00dd QUAN TR\u1eccNG B\u1ea0N C\u1ea6N BI\u1ebeT KHI MUA NH\u00c0 L\u1ea6N \u0110\u1ea6U"}]},{"@type":"WebSite","@id":"https:\/\/fleximortgage.com.au\/#website","url":"https:\/\/fleximortgage.com.au\/","name":"Flexi Mortgage","description":"Flexi options - Flexi solutions","publisher":{"@id":"https:\/\/fleximortgage.com.au\/#organization"},"potentialAction":[{"@type":"SearchAction","target":{"@type":"EntryPoint","urlTemplate":"https:\/\/fleximortgage.com.au\/?s={search_term_string}"},"query-input":{"@type":"PropertyValueSpecification","valueRequired":true,"valueName":"search_term_string"}}],"inLanguage":"en-AU"},{"@type":"Organization","@id":"https:\/\/fleximortgage.com.au\/#organization","name":"Flexi Mortgage","url":"https:\/\/fleximortgage.com.au\/","logo":{"@type":"ImageObject","inLanguage":"en-AU","@id":"https:\/\/fleximortgage.com.au\/#\/schema\/logo\/image\/","url":"https:\/\/fleximortgage.com.au\/wp-content\/uploads\/2020\/09\/Logo-02.png","contentUrl":"https:\/\/fleximortgage.com.au\/wp-content\/uploads\/2020\/09\/Logo-02.png","width":1361,"height":830,"caption":"Flexi Mortgage"},"image":{"@id":"https:\/\/fleximortgage.com.au\/#\/schema\/logo\/image\/"},"sameAs":["https:\/\/www.facebook.com\/FlexiMortgage","https:\/\/x.com\/MortgageFlexi","https:\/\/www.linkedin.com\/company\/flexi-mortgage\/","https:\/\/www.youtube.com\/channel\/UCkz7FQm7CACp9sDWhSnIxUg\/featured"]}]}},"_links":{"self":[{"href":"https:\/\/fleximortgage.com.au\/en\/wp-json\/wp\/v2\/pages\/2633"}],"collection":[{"href":"https:\/\/fleximortgage.com.au\/en\/wp-json\/wp\/v2\/pages"}],"about":[{"href":"https:\/\/fleximortgage.com.au\/en\/wp-json\/wp\/v2\/types\/page"}],"author":[{"embeddable":true,"href":"https:\/\/fleximortgage.com.au\/en\/wp-json\/wp\/v2\/users\/1"}],"replies":[{"embeddable":true,"href":"https:\/\/fleximortgage.com.au\/en\/wp-json\/wp\/v2\/comments?post=2633"}],"version-history":[{"count":0,"href":"https:\/\/fleximortgage.com.au\/en\/wp-json\/wp\/v2\/pages\/2633\/revisions"}],"wp:featuredmedia":[{"embeddable":true,"href":"https:\/\/fleximortgage.com.au\/en\/wp-json\/wp\/v2\/media\/6318"}],"wp:attachment":[{"href":"https:\/\/fleximortgage.com.au\/en\/wp-json\/wp\/v2\/media?parent=2633"}],"curies":[{"name":"wp","href":"https:\/\/api.w.org\/{rel}","templated":true}]}}